{"id":240,"date":"2023-04-23T20:25:54","date_gmt":"2023-04-24T01:25:54","guid":{"rendered":"http:\/\/10.200.10.18\/?page_id=240"},"modified":"2024-06-04T10:46:50","modified_gmt":"2024-06-04T15:46:50","slug":"transparencia-copy","status":"publish","type":"page","link":"https:\/\/www.cooprio.fin.ec\/?page_id=240","title":{"rendered":"gobernanza"},"content":{"rendered":"\t\t<div data-elementor-type=\"wp-page\" data-elementor-id=\"240\" class=\"elementor elementor-240\" data-elementor-post-type=\"page\">\n\t\t\t\t\t\t<section class=\"elementor-section elementor-top-section elementor-element elementor-element-65004ec elementor-section-full_width elementor-section-height-default elementor-section-height-default\" data-id=\"65004ec\" data-element_type=\"section\">\n\t\t\t\t\t\t<div class=\"elementor-container elementor-column-gap-default\">\n\t\t\t\t\t<div class=\"elementor-column elementor-col-100 elementor-top-column elementor-element elementor-element-da658b7\" data-id=\"da658b7\" data-element_type=\"column\">\n\t\t\t<div class=\"elementor-widget-wrap elementor-element-populated\">\n\t\t\t\t\t\t<div class=\"elementor-element elementor-element-de7a56b elementor-widget elementor-widget-heading\" data-id=\"de7a56b\" data-element_type=\"widget\" data-widget_type=\"heading.default\">\n\t\t\t\t<div class=\"elementor-widget-container\">\n\t\t\t\t\t<h2 class=\"elementor-heading-title elementor-size-default\">Gobernanza<\/h2>\t\t\t\t<\/div>\n\t\t\t\t<\/div>\n\t\t\t\t\t<\/div>\n\t\t<\/div>\n\t\t\t\t\t<\/div>\n\t\t<\/section>\n\t\t\t\t<section class=\"elementor-section elementor-top-section elementor-element elementor-element-4653254 elementor-section-boxed elementor-section-height-default elementor-section-height-default\" data-id=\"4653254\" data-element_type=\"section\">\n\t\t\t\t\t\t<div class=\"elementor-container elementor-column-gap-default\">\n\t\t\t\t\t<div class=\"elementor-column elementor-col-100 elementor-top-column elementor-element elementor-element-745e526\" data-id=\"745e526\" data-element_type=\"column\">\n\t\t\t<div class=\"elementor-widget-wrap elementor-element-populated\">\n\t\t\t\t\t\t<section class=\"elementor-section elementor-inner-section elementor-element elementor-element-07cc6f8 elementor-section-boxed elementor-section-height-default elementor-section-height-default\" data-id=\"07cc6f8\" data-element_type=\"section\">\n\t\t\t\t\t\t<div class=\"elementor-container elementor-column-gap-default\">\n\t\t\t\t\t<div class=\"elementor-column elementor-col-50 elementor-inner-column elementor-element elementor-element-8d9b1e6\" data-id=\"8d9b1e6\" data-element_type=\"column\" data-settings=\"{&quot;background_background&quot;:&quot;classic&quot;}\">\n\t\t\t<div class=\"elementor-widget-wrap elementor-element-populated\">\n\t\t\t\t\t\t<div class=\"elementor-element elementor-element-c47bc6a elementor-position-right elementor-vertical-align-middle elementor-widget elementor-widget-image-box\" data-id=\"c47bc6a\" data-element_type=\"widget\" data-widget_type=\"image-box.default\">\n\t\t\t\t<div class=\"elementor-widget-container\">\n\t\t\t\t\t<div class=\"elementor-image-box-wrapper\"><figure class=\"elementor-image-box-img\"><a href=\"#elementor-action%3Aaction%3Dpopup%3Aopen%26settings%3DeyJpZCI6IjEyODIiLCJ0b2dnbGUiOmZhbHNlfQ%3D%3D\" tabindex=\"-1\"><img fetchpriority=\"high\" decoding=\"async\" width=\"1259\" height=\"1259\" src=\"https:\/\/www.cooprio.fin.ec\/wp-content\/uploads\/2023\/04\/ARTES-08-min.png\" class=\"attachment-full size-full wp-image-194\" alt=\"\" srcset=\"https:\/\/www.cooprio.fin.ec\/wp-content\/uploads\/2023\/04\/ARTES-08-min.png 1259w, https:\/\/www.cooprio.fin.ec\/wp-content\/uploads\/2023\/04\/ARTES-08-min-300x300.png 300w, https:\/\/www.cooprio.fin.ec\/wp-content\/uploads\/2023\/04\/ARTES-08-min-1024x1024.png 1024w, https:\/\/www.cooprio.fin.ec\/wp-content\/uploads\/2023\/04\/ARTES-08-min-150x150.png 150w, https:\/\/www.cooprio.fin.ec\/wp-content\/uploads\/2023\/04\/ARTES-08-min-768x768.png 768w\" sizes=\"(max-width: 1259px) 100vw, 1259px\" \/><\/a><\/figure><div class=\"elementor-image-box-content\"><h5 class=\"elementor-image-box-title\"><a href=\"#elementor-action%3Aaction%3Dpopup%3Aopen%26settings%3DeyJpZCI6IjEyODIiLCJ0b2dnbGUiOmZhbHNlfQ%3D%3D\">MANUAL DE SARAS<\/a><\/h5><\/div><\/div>\t\t\t\t<\/div>\n\t\t\t\t<\/div>\n\t\t\t\t\t<\/div>\n\t\t<\/div>\n\t\t\t\t<div class=\"elementor-column elementor-col-50 elementor-inner-column elementor-element elementor-element-e517a87\" data-id=\"e517a87\" data-element_type=\"column\">\n\t\t\t<div class=\"elementor-widget-wrap elementor-element-populated\">\n\t\t\t\t\t\t<div class=\"elementor-element elementor-element-43c1e23 elementor-hidden-mobile elementor-view-default elementor-widget elementor-widget-icon\" data-id=\"43c1e23\" data-element_type=\"widget\" data-widget_type=\"icon.default\">\n\t\t\t\t<div class=\"elementor-widget-container\">\n\t\t\t\t\t\t\t<div class=\"elementor-icon-wrapper\">\n\t\t\t<div class=\"elementor-icon\">\n\t\t\t<i aria-hidden=\"true\" class=\"far fa-gem\"><\/i>\t\t\t<\/div>\n\t\t<\/div>\n\t\t\t\t\t\t<\/div>\n\t\t\t\t<\/div>\n\t\t\t\t\t<\/div>\n\t\t<\/div>\n\t\t\t\t\t<\/div>\n\t\t<\/section>\n\t\t\t\t<section class=\"elementor-section elementor-inner-section elementor-element elementor-element-aa12916 elementor-section-boxed elementor-section-height-default elementor-section-height-default\" data-id=\"aa12916\" data-element_type=\"section\">\n\t\t\t\t\t\t<div class=\"elementor-container elementor-column-gap-default\">\n\t\t\t\t\t<div class=\"elementor-column elementor-col-50 elementor-inner-column elementor-element elementor-element-381fc97\" data-id=\"381fc97\" data-element_type=\"column\" data-settings=\"{&quot;background_background&quot;:&quot;classic&quot;}\">\n\t\t\t<div class=\"elementor-widget-wrap elementor-element-populated\">\n\t\t\t\t\t\t<div class=\"elementor-element elementor-element-e37cc2b elementor-hidden-mobile elementor-view-default elementor-widget elementor-widget-icon\" data-id=\"e37cc2b\" data-element_type=\"widget\" data-widget_type=\"icon.default\">\n\t\t\t\t<div class=\"elementor-widget-container\">\n\t\t\t\t\t\t\t<div class=\"elementor-icon-wrapper\">\n\t\t\t<div class=\"elementor-icon\">\n\t\t\t<i aria-hidden=\"true\" class=\"far fa-gem\"><\/i>\t\t\t<\/div>\n\t\t<\/div>\n\t\t\t\t\t\t<\/div>\n\t\t\t\t<\/div>\n\t\t\t\t\t<\/div>\n\t\t<\/div>\n\t\t\t\t<div class=\"elementor-column elementor-col-50 elementor-inner-column elementor-element elementor-element-d95a7b0\" data-id=\"d95a7b0\" data-element_type=\"column\">\n\t\t\t<div class=\"elementor-widget-wrap elementor-element-populated\">\n\t\t\t\t\t\t<div class=\"elementor-element elementor-element-633d5de elementor-position-left elementor-vertical-align-middle elementor-widget elementor-widget-image-box\" data-id=\"633d5de\" data-element_type=\"widget\" data-widget_type=\"image-box.default\">\n\t\t\t\t<div class=\"elementor-widget-container\">\n\t\t\t\t\t<div class=\"elementor-image-box-wrapper\"><figure class=\"elementor-image-box-img\"><a href=\"#elementor-action%3Aaction%3Dpopup%3Aopen%26settings%3DeyJpZCI6IjEyODQiLCJ0b2dnbGUiOmZhbHNlfQ%3D%3D\" tabindex=\"-1\"><img decoding=\"async\" width=\"1259\" height=\"1259\" src=\"https:\/\/www.cooprio.fin.ec\/wp-content\/uploads\/2023\/04\/ARTES-09-min.png\" class=\"attachment-full size-full wp-image-195\" alt=\"\" srcset=\"https:\/\/www.cooprio.fin.ec\/wp-content\/uploads\/2023\/04\/ARTES-09-min.png 1259w, https:\/\/www.cooprio.fin.ec\/wp-content\/uploads\/2023\/04\/ARTES-09-min-300x300.png 300w, https:\/\/www.cooprio.fin.ec\/wp-content\/uploads\/2023\/04\/ARTES-09-min-1024x1024.png 1024w, https:\/\/www.cooprio.fin.ec\/wp-content\/uploads\/2023\/04\/ARTES-09-min-150x150.png 150w, https:\/\/www.cooprio.fin.ec\/wp-content\/uploads\/2023\/04\/ARTES-09-min-768x768.png 768w\" sizes=\"(max-width: 1259px) 100vw, 1259px\" \/><\/a><\/figure><div class=\"elementor-image-box-content\"><h5 class=\"elementor-image-box-title\"><a href=\"#elementor-action%3Aaction%3Dpopup%3Aopen%26settings%3DeyJpZCI6IjEyODQiLCJ0b2dnbGUiOmZhbHNlfQ%3D%3D\">C\u00d3DIGO DE \u00c9TICA<\/a><\/h5><\/div><\/div>\t\t\t\t<\/div>\n\t\t\t\t<\/div>\n\t\t\t\t\t<\/div>\n\t\t<\/div>\n\t\t\t\t\t<\/div>\n\t\t<\/section>\n\t\t\t\t<section class=\"elementor-section elementor-inner-section elementor-element elementor-element-e630c53 elementor-section-boxed elementor-section-height-default elementor-section-height-default\" data-id=\"e630c53\" data-element_type=\"section\">\n\t\t\t\t\t\t<div class=\"elementor-container elementor-column-gap-default\">\n\t\t\t\t\t<div class=\"elementor-column elementor-col-50 elementor-inner-column elementor-element elementor-element-f575000\" data-id=\"f575000\" data-element_type=\"column\" data-settings=\"{&quot;background_background&quot;:&quot;classic&quot;}\">\n\t\t\t<div class=\"elementor-widget-wrap elementor-element-populated\">\n\t\t\t\t\t\t<div class=\"elementor-element elementor-element-3299ee4 elementor-position-right elementor-vertical-align-middle elementor-widget elementor-widget-image-box\" data-id=\"3299ee4\" data-element_type=\"widget\" data-widget_type=\"image-box.default\">\n\t\t\t\t<div class=\"elementor-widget-container\">\n\t\t\t\t\t<div class=\"elementor-image-box-wrapper\"><figure class=\"elementor-image-box-img\"><a href=\"#elementor-action%3Aaction%3Dpopup%3Aopen%26settings%3DeyJpZCI6IjEyODYiLCJ0b2dnbGUiOmZhbHNlfQ%3D%3D\" tabindex=\"-1\"><img decoding=\"async\" width=\"1259\" height=\"1259\" src=\"https:\/\/www.cooprio.fin.ec\/wp-content\/uploads\/2023\/04\/ARTES-11-min.png\" class=\"attachment-full size-full wp-image-197\" alt=\"\" srcset=\"https:\/\/www.cooprio.fin.ec\/wp-content\/uploads\/2023\/04\/ARTES-11-min.png 1259w, https:\/\/www.cooprio.fin.ec\/wp-content\/uploads\/2023\/04\/ARTES-11-min-300x300.png 300w, https:\/\/www.cooprio.fin.ec\/wp-content\/uploads\/2023\/04\/ARTES-11-min-1024x1024.png 1024w, https:\/\/www.cooprio.fin.ec\/wp-content\/uploads\/2023\/04\/ARTES-11-min-150x150.png 150w, https:\/\/www.cooprio.fin.ec\/wp-content\/uploads\/2023\/04\/ARTES-11-min-768x768.png 768w\" sizes=\"(max-width: 1259px) 100vw, 1259px\" \/><\/a><\/figure><div class=\"elementor-image-box-content\"><h5 class=\"elementor-image-box-title\"><a href=\"#elementor-action%3Aaction%3Dpopup%3Aopen%26settings%3DeyJpZCI6IjEyODYiLCJ0b2dnbGUiOmZhbHNlfQ%3D%3D\">ESTATUTOS<\/a><\/h5><\/div><\/div>\t\t\t\t<\/div>\n\t\t\t\t<\/div>\n\t\t\t\t\t<\/div>\n\t\t<\/div>\n\t\t\t\t<div class=\"elementor-column elementor-col-50 elementor-inner-column elementor-element elementor-element-55354f2\" data-id=\"55354f2\" data-element_type=\"column\">\n\t\t\t<div class=\"elementor-widget-wrap elementor-element-populated\">\n\t\t\t\t\t\t<div class=\"elementor-element elementor-element-5825327 elementor-hidden-mobile elementor-view-default elementor-widget elementor-widget-icon\" data-id=\"5825327\" data-element_type=\"widget\" data-widget_type=\"icon.default\">\n\t\t\t\t<div class=\"elementor-widget-container\">\n\t\t\t\t\t\t\t<div class=\"elementor-icon-wrapper\">\n\t\t\t<div class=\"elementor-icon\">\n\t\t\t<i aria-hidden=\"true\" class=\"far fa-gem\"><\/i>\t\t\t<\/div>\n\t\t<\/div>\n\t\t\t\t\t\t<\/div>\n\t\t\t\t<\/div>\n\t\t\t\t\t<\/div>\n\t\t<\/div>\n\t\t\t\t\t<\/div>\n\t\t<\/section>\n\t\t\t\t<section class=\"elementor-section elementor-inner-section elementor-element elementor-element-9ef5d6b elementor-section-boxed elementor-section-height-default elementor-section-height-default\" data-id=\"9ef5d6b\" data-element_type=\"section\">\n\t\t\t\t\t\t<div class=\"elementor-container elementor-column-gap-default\">\n\t\t\t\t\t<div class=\"elementor-column elementor-col-50 elementor-inner-column elementor-element elementor-element-ea5b9f7\" data-id=\"ea5b9f7\" data-element_type=\"column\" data-settings=\"{&quot;background_background&quot;:&quot;classic&quot;}\">\n\t\t\t<div class=\"elementor-widget-wrap elementor-element-populated\">\n\t\t\t\t\t\t<div class=\"elementor-element elementor-element-dd65bb5 elementor-hidden-mobile elementor-view-default elementor-widget elementor-widget-icon\" data-id=\"dd65bb5\" data-element_type=\"widget\" data-widget_type=\"icon.default\">\n\t\t\t\t<div class=\"elementor-widget-container\">\n\t\t\t\t\t\t\t<div class=\"elementor-icon-wrapper\">\n\t\t\t<div class=\"elementor-icon\">\n\t\t\t<i aria-hidden=\"true\" class=\"far fa-gem\"><\/i>\t\t\t<\/div>\n\t\t<\/div>\n\t\t\t\t\t\t<\/div>\n\t\t\t\t<\/div>\n\t\t\t\t\t<\/div>\n\t\t<\/div>\n\t\t\t\t<div class=\"elementor-column elementor-col-50 elementor-inner-column elementor-element elementor-element-92204f4\" data-id=\"92204f4\" data-element_type=\"column\">\n\t\t\t<div class=\"elementor-widget-wrap elementor-element-populated\">\n\t\t\t\t\t\t<div class=\"elementor-element elementor-element-91dfc5b elementor-position-left elementor-vertical-align-middle elementor-widget elementor-widget-image-box\" data-id=\"91dfc5b\" data-element_type=\"widget\" data-widget_type=\"image-box.default\">\n\t\t\t\t<div class=\"elementor-widget-container\">\n\t\t\t\t\t<div class=\"elementor-image-box-wrapper\"><figure class=\"elementor-image-box-img\"><a href=\"#elementor-action%3Aaction%3Dpopup%3Aopen%26settings%3DeyJpZCI6IjEyODgiLCJ0b2dnbGUiOmZhbHNlfQ%3D%3D\" tabindex=\"-1\"><img loading=\"lazy\" decoding=\"async\" width=\"1259\" height=\"1260\" src=\"https:\/\/www.cooprio.fin.ec\/wp-content\/uploads\/2023\/04\/ARTES-13-min.png\" class=\"attachment-full size-full wp-image-199\" alt=\"\" srcset=\"https:\/\/www.cooprio.fin.ec\/wp-content\/uploads\/2023\/04\/ARTES-13-min.png 1259w, https:\/\/www.cooprio.fin.ec\/wp-content\/uploads\/2023\/04\/ARTES-13-min-300x300.png 300w, https:\/\/www.cooprio.fin.ec\/wp-content\/uploads\/2023\/04\/ARTES-13-min-1024x1024.png 1024w, https:\/\/www.cooprio.fin.ec\/wp-content\/uploads\/2023\/04\/ARTES-13-min-150x150.png 150w, https:\/\/www.cooprio.fin.ec\/wp-content\/uploads\/2023\/04\/ARTES-13-min-768x769.png 768w\" sizes=\"(max-width: 1259px) 100vw, 1259px\" \/><\/a><\/figure><div class=\"elementor-image-box-content\"><h5 class=\"elementor-image-box-title\"><a href=\"#elementor-action%3Aaction%3Dpopup%3Aopen%26settings%3DeyJpZCI6IjEyODgiLCJ0b2dnbGUiOmZhbHNlfQ%3D%3D\">REGLAMENTO DE ELECCIONES<\/a><\/h5><\/div><\/div>\t\t\t\t<\/div>\n\t\t\t\t<\/div>\n\t\t\t\t\t<\/div>\n\t\t<\/div>\n\t\t\t\t\t<\/div>\n\t\t<\/section>\n\t\t\t\t<section class=\"elementor-section elementor-inner-section elementor-element elementor-element-98a64c1 elementor-section-boxed elementor-section-height-default elementor-section-height-default\" data-id=\"98a64c1\" data-element_type=\"section\">\n\t\t\t\t\t\t<div class=\"elementor-container elementor-column-gap-default\">\n\t\t\t\t\t<div class=\"elementor-column elementor-col-50 elementor-inner-column elementor-element elementor-element-6b54b3f\" data-id=\"6b54b3f\" data-element_type=\"column\" data-settings=\"{&quot;background_background&quot;:&quot;classic&quot;}\">\n\t\t\t<div class=\"elementor-widget-wrap elementor-element-populated\">\n\t\t\t\t\t\t<div class=\"elementor-element elementor-element-cc99907 elementor-position-right elementor-vertical-align-middle elementor-widget elementor-widget-image-box\" data-id=\"cc99907\" data-element_type=\"widget\" data-widget_type=\"image-box.default\">\n\t\t\t\t<div class=\"elementor-widget-container\">\n\t\t\t\t\t<div class=\"elementor-image-box-wrapper\"><figure class=\"elementor-image-box-img\"><a href=\"#elementor-action%3Aaction%3Dpopup%3Aopen%26settings%3DeyJpZCI6IjEyOTAiLCJ0b2dnbGUiOmZhbHNlfQ%3D%3D\" tabindex=\"-1\"><img loading=\"lazy\" decoding=\"async\" width=\"1259\" height=\"1259\" src=\"https:\/\/www.cooprio.fin.ec\/wp-content\/uploads\/2024\/06\/Listado-de-2.png\" class=\"attachment-full size-full wp-image-1880\" alt=\"\" srcset=\"https:\/\/www.cooprio.fin.ec\/wp-content\/uploads\/2024\/06\/Listado-de-2.png 1259w, https:\/\/www.cooprio.fin.ec\/wp-content\/uploads\/2024\/06\/Listado-de-2-300x300.png 300w, https:\/\/www.cooprio.fin.ec\/wp-content\/uploads\/2024\/06\/Listado-de-2-1024x1024.png 1024w, https:\/\/www.cooprio.fin.ec\/wp-content\/uploads\/2024\/06\/Listado-de-2-150x150.png 150w, https:\/\/www.cooprio.fin.ec\/wp-content\/uploads\/2024\/06\/Listado-de-2-768x768.png 768w\" sizes=\"(max-width: 1259px) 100vw, 1259px\" \/><\/a><\/figure><div class=\"elementor-image-box-content\"><h5 class=\"elementor-image-box-title\"><a href=\"#elementor-action%3Aaction%3Dpopup%3Aopen%26settings%3DeyJpZCI6IjEyOTAiLCJ0b2dnbGUiOmZhbHNlfQ%3D%3D\">LISTADO DE EXCLUSI\u00d3N<\/a><\/h5><\/div><\/div>\t\t\t\t<\/div>\n\t\t\t\t<\/div>\n\t\t\t\t\t<\/div>\n\t\t<\/div>\n\t\t\t\t<div class=\"elementor-column elementor-col-50 elementor-inner-column elementor-element elementor-element-89a67c5\" data-id=\"89a67c5\" data-element_type=\"column\">\n\t\t\t<div class=\"elementor-widget-wrap elementor-element-populated\">\n\t\t\t\t\t\t<div class=\"elementor-element elementor-element-03cb3c8 elementor-hidden-mobile elementor-view-default elementor-widget elementor-widget-icon\" data-id=\"03cb3c8\" data-element_type=\"widget\" data-widget_type=\"icon.default\">\n\t\t\t\t<div class=\"elementor-widget-container\">\n\t\t\t\t\t\t\t<div class=\"elementor-icon-wrapper\">\n\t\t\t<div class=\"elementor-icon\">\n\t\t\t<i aria-hidden=\"true\" class=\"far fa-gem\"><\/i>\t\t\t<\/div>\n\t\t<\/div>\n\t\t\t\t\t\t<\/div>\n\t\t\t\t<\/div>\n\t\t\t\t\t<\/div>\n\t\t<\/div>\n\t\t\t\t\t<\/div>\n\t\t<\/section>\n\t\t\t\t\t<\/div>\n\t\t<\/div>\n\t\t\t\t\t<\/div>\n\t\t<\/section>\n\t\t\t\t<\/div>\n\t\t","protected":false},"excerpt":{"rendered":"<p>Gobernanza MANUAL DE SARAS C\u00d3DIGO DE \u00c9TICA ESTATUTOS REGLAMENTO DE ELECCIONES LISTADO DE EXCLUSI\u00d3N<\/p>\n","protected":false},"author":1,"featured_media":0,"parent":0,"menu_order":0,"comment_status":"closed","ping_status":"closed","template":"","meta":{"_eb_attr":"","iawp_total_views":998,"footnotes":""},"class_list":["post-240","page","type-page","status-publish","hentry"],"_links":{"self":[{"href":"https:\/\/www.cooprio.fin.ec\/index.php?rest_route=\/wp\/v2\/pages\/240","targetHints":{"allow":["GET"]}}],"collection":[{"href":"https:\/\/www.cooprio.fin.ec\/index.php?rest_route=\/wp\/v2\/pages"}],"about":[{"href":"https:\/\/www.cooprio.fin.ec\/index.php?rest_route=\/wp\/v2\/types\/page"}],"author":[{"embeddable":true,"href":"https:\/\/www.cooprio.fin.ec\/index.php?rest_route=\/wp\/v2\/users\/1"}],"replies":[{"embeddable":true,"href":"https:\/\/www.cooprio.fin.ec\/index.php?rest_route=%2Fwp%2Fv2%2Fcomments&post=240"}],"version-history":[{"count":58,"href":"https:\/\/www.cooprio.fin.ec\/index.php?rest_route=\/wp\/v2\/pages\/240\/revisions"}],"predecessor-version":[{"id":1910,"href":"https:\/\/www.cooprio.fin.ec\/index.php?rest_route=\/wp\/v2\/pages\/240\/revisions\/1910"}],"wp:attachment":[{"href":"https:\/\/www.cooprio.fin.ec\/index.php?rest_route=%2Fwp%2Fv2%2Fmedia&parent=240"}],"curies":[{"name":"wp","href":"https:\/\/api.w.org\/{rel}","templated":true}]}}