{"id":347,"date":"2023-04-25T19:02:53","date_gmt":"2023-04-26T00:02:53","guid":{"rendered":"http:\/\/10.200.10.18\/?page_id=347"},"modified":"2026-04-01T16:34:57","modified_gmt":"2026-04-01T21:34:57","slug":"ahorro_normal","status":"publish","type":"page","link":"https:\/\/www.cooprio.fin.ec\/?page_id=347","title":{"rendered":"ahorro_normal"},"content":{"rendered":"\t\t<div data-elementor-type=\"wp-page\" data-elementor-id=\"347\" class=\"elementor elementor-347\" data-elementor-post-type=\"page\">\n\t\t\t\t\t\t<section class=\"elementor-section elementor-top-section elementor-element elementor-element-c5364fc elementor-section-full_width elementor-hidden-mobile elementor-section-height-default elementor-section-height-default\" data-id=\"c5364fc\" data-element_type=\"section\">\n\t\t\t\t\t\t<div class=\"elementor-container elementor-column-gap-default\">\n\t\t\t\t\t<div class=\"elementor-column elementor-col-100 elementor-top-column elementor-element elementor-element-6cf22f7\" data-id=\"6cf22f7\" data-element_type=\"column\">\n\t\t\t<div class=\"elementor-widget-wrap elementor-element-populated\">\n\t\t\t\t\t\t<div class=\"elementor-element elementor-element-ad59388 elementor-widget elementor-widget-image\" data-id=\"ad59388\" data-element_type=\"widget\" data-widget_type=\"image.default\">\n\t\t\t\t<div class=\"elementor-widget-container\">\n\t\t\t\t\t\t\t\t\t\t\t\t\t\t\t<img fetchpriority=\"high\" decoding=\"async\" width=\"2560\" height=\"1007\" src=\"https:\/\/www.cooprio.fin.ec\/wp-content\/uploads\/2023\/04\/ahorro-pc-scaled.jpg\" class=\"attachment-full size-full wp-image-349\" alt=\"\" srcset=\"https:\/\/www.cooprio.fin.ec\/wp-content\/uploads\/2023\/04\/ahorro-pc-scaled.jpg 2560w, https:\/\/www.cooprio.fin.ec\/wp-content\/uploads\/2023\/04\/ahorro-pc-300x118.jpg 300w, https:\/\/www.cooprio.fin.ec\/wp-content\/uploads\/2023\/04\/ahorro-pc-1024x403.jpg 1024w, https:\/\/www.cooprio.fin.ec\/wp-content\/uploads\/2023\/04\/ahorro-pc-768x302.jpg 768w, https:\/\/www.cooprio.fin.ec\/wp-content\/uploads\/2023\/04\/ahorro-pc-1536x604.jpg 1536w, https:\/\/www.cooprio.fin.ec\/wp-content\/uploads\/2023\/04\/ahorro-pc-2048x805.jpg 2048w\" sizes=\"(max-width: 2560px) 100vw, 2560px\" \/>\t\t\t\t\t\t\t\t\t\t\t\t\t\t\t<\/div>\n\t\t\t\t<\/div>\n\t\t\t\t\t<\/div>\n\t\t<\/div>\n\t\t\t\t\t<\/div>\n\t\t<\/section>\n\t\t\t\t<section class=\"elementor-section elementor-top-section elementor-element elementor-element-73e49ca elementor-section-full_width elementor-section-height-default elementor-section-height-default\" data-id=\"73e49ca\" data-element_type=\"section\">\n\t\t\t\t\t\t<div class=\"elementor-container elementor-column-gap-default\">\n\t\t\t\t\t<div class=\"elementor-column elementor-col-100 elementor-top-column elementor-element elementor-element-55694bc\" data-id=\"55694bc\" data-element_type=\"column\">\n\t\t\t<div class=\"elementor-widget-wrap elementor-element-populated\">\n\t\t\t\t\t\t<div class=\"elementor-element elementor-element-74dc5ca elementor-hidden-desktop elementor-hidden-tablet elementor-widget elementor-widget-image\" data-id=\"74dc5ca\" data-element_type=\"widget\" data-widget_type=\"image.default\">\n\t\t\t\t<div class=\"elementor-widget-container\">\n\t\t\t\t\t\t\t\t\t\t\t\t\t\t\t<img decoding=\"async\" width=\"2560\" height=\"2492\" src=\"https:\/\/www.cooprio.fin.ec\/wp-content\/uploads\/2023\/06\/Ahorro-Normal-min-scaled.jpg\" class=\"attachment-full size-full wp-image-1449\" alt=\"\" srcset=\"https:\/\/www.cooprio.fin.ec\/wp-content\/uploads\/2023\/06\/Ahorro-Normal-min-scaled.jpg 2560w, https:\/\/www.cooprio.fin.ec\/wp-content\/uploads\/2023\/06\/Ahorro-Normal-min-300x292.jpg 300w, https:\/\/www.cooprio.fin.ec\/wp-content\/uploads\/2023\/06\/Ahorro-Normal-min-1024x997.jpg 1024w, https:\/\/www.cooprio.fin.ec\/wp-content\/uploads\/2023\/06\/Ahorro-Normal-min-768x748.jpg 768w, https:\/\/www.cooprio.fin.ec\/wp-content\/uploads\/2023\/06\/Ahorro-Normal-min-1536x1495.jpg 1536w, https:\/\/www.cooprio.fin.ec\/wp-content\/uploads\/2023\/06\/Ahorro-Normal-min-2048x1993.jpg 2048w\" sizes=\"(max-width: 2560px) 100vw, 2560px\" \/>\t\t\t\t\t\t\t\t\t\t\t\t\t\t\t<\/div>\n\t\t\t\t<\/div>\n\t\t\t\t\t<\/div>\n\t\t<\/div>\n\t\t\t\t\t<\/div>\n\t\t<\/section>\n\t\t\t\t<section class=\"elementor-section elementor-top-section elementor-element elementor-element-daa99d9 elementor-section-boxed elementor-section-height-default elementor-section-height-default\" data-id=\"daa99d9\" data-element_type=\"section\">\n\t\t\t\t\t\t<div class=\"elementor-container elementor-column-gap-default\">\n\t\t\t\t\t<div class=\"elementor-column elementor-col-100 elementor-top-column elementor-element elementor-element-b266b9d\" data-id=\"b266b9d\" data-element_type=\"column\">\n\t\t\t<div class=\"elementor-widget-wrap elementor-element-populated\">\n\t\t\t\t\t\t<div class=\"elementor-element elementor-element-f7e2da5 elementor-widget elementor-widget-heading\" data-id=\"f7e2da5\" data-element_type=\"widget\" data-widget_type=\"heading.default\">\n\t\t\t\t<div class=\"elementor-widget-container\">\n\t\t\t\t\t<h2 class=\"elementor-heading-title elementor-size-default\">Ahorro Normal<\/h2>\t\t\t\t<\/div>\n\t\t\t\t<\/div>\n\t\t\t\t<div class=\"elementor-element elementor-element-eaa1531 elementor-widget elementor-widget-text-editor\" data-id=\"eaa1531\" data-element_type=\"widget\" data-widget_type=\"text-editor.default\">\n\t\t\t\t<div class=\"elementor-widget-container\">\n\t\t\t\t\t\t\t\t\t<p class=\"western\" lang=\"es-ES\" align=\"justify\">Disponibilidad inmediata de su dinero sin costo de mantenimiento, con la mejor tasa de inter\u00e9s<br \/>del mercado financiero.<\/p>\t\t\t\t\t\t\t\t<\/div>\n\t\t\t\t<\/div>\n\t\t\t\t<section class=\"elementor-section elementor-inner-section elementor-element elementor-element-e631006 elementor-section-boxed elementor-section-height-default elementor-section-height-default\" data-id=\"e631006\" data-element_type=\"section\">\n\t\t\t\t\t\t<div class=\"elementor-container elementor-column-gap-default\">\n\t\t\t\t\t<div class=\"elementor-column elementor-col-33 elementor-inner-column elementor-element elementor-element-3567bc3\" data-id=\"3567bc3\" data-element_type=\"column\">\n\t\t\t<div class=\"elementor-widget-wrap elementor-element-populated\">\n\t\t\t\t\t\t<div class=\"elementor-element elementor-element-5f6b68a elementor-widget elementor-widget-image\" data-id=\"5f6b68a\" data-element_type=\"widget\" data-widget_type=\"image.default\">\n\t\t\t\t<div class=\"elementor-widget-container\">\n\t\t\t\t\t\t\t\t\t\t\t\t\t\t\t<img decoding=\"async\" width=\"787\" height=\"980\" src=\"https:\/\/www.cooprio.fin.ec\/wp-content\/uploads\/2023\/04\/1.png\" class=\"attachment-full size-full wp-image-634\" alt=\"\" srcset=\"https:\/\/www.cooprio.fin.ec\/wp-content\/uploads\/2023\/04\/1.png 787w, https:\/\/www.cooprio.fin.ec\/wp-content\/uploads\/2023\/04\/1-241x300.png 241w, https:\/\/www.cooprio.fin.ec\/wp-content\/uploads\/2023\/04\/1-768x956.png 768w\" sizes=\"(max-width: 787px) 100vw, 787px\" \/>\t\t\t\t\t\t\t\t\t\t\t\t\t\t\t<\/div>\n\t\t\t\t<\/div>\n\t\t\t\t\t<\/div>\n\t\t<\/div>\n\t\t\t\t<div class=\"elementor-column elementor-col-33 elementor-inner-column elementor-element elementor-element-335f134\" data-id=\"335f134\" data-element_type=\"column\">\n\t\t\t<div class=\"elementor-widget-wrap elementor-element-populated\">\n\t\t\t\t\t\t<div class=\"elementor-element elementor-element-37fc820 elementor-widget elementor-widget-heading\" data-id=\"37fc820\" data-element_type=\"widget\" data-widget_type=\"heading.default\">\n\t\t\t\t<div class=\"elementor-widget-container\">\n\t\t\t\t\t<h2 class=\"elementor-heading-title elementor-size-default\">Requisitos<\/h2>\t\t\t\t<\/div>\n\t\t\t\t<\/div>\n\t\t\t\t<div class=\"elementor-element elementor-element-b5264b6 elementor-widget elementor-widget-text-editor\" data-id=\"b5264b6\" data-element_type=\"widget\" data-widget_type=\"text-editor.default\">\n\t\t\t\t<div class=\"elementor-widget-container\">\n\t\t\t\t\t\t\t\t\t<ul><li>Copia de c\u00e9dula y papeleta de votaci\u00f3n<\/li><li>Servicio b\u00e1sico<\/li><li>Valor apertura $60.00<\/li><\/ul>\t\t\t\t\t\t\t\t<\/div>\n\t\t\t\t<\/div>\n\t\t\t\t\t<\/div>\n\t\t<\/div>\n\t\t\t\t<div class=\"elementor-column elementor-col-33 elementor-inner-column elementor-element elementor-element-15b8863\" data-id=\"15b8863\" data-element_type=\"column\">\n\t\t\t<div class=\"elementor-widget-wrap elementor-element-populated\">\n\t\t\t\t\t\t<div class=\"elementor-element elementor-element-0631528 elementor-widget elementor-widget-heading\" data-id=\"0631528\" data-element_type=\"widget\" data-widget_type=\"heading.default\">\n\t\t\t\t<div class=\"elementor-widget-container\">\n\t\t\t\t\t<h2 class=\"elementor-heading-title elementor-size-default\">Beneficios<\/h2>\t\t\t\t<\/div>\n\t\t\t\t<\/div>\n\t\t\t\t<div class=\"elementor-element elementor-element-701d1a7 elementor-widget elementor-widget-text-editor\" data-id=\"701d1a7\" data-element_type=\"widget\" data-widget_type=\"text-editor.default\">\n\t\t\t\t<div class=\"elementor-widget-container\">\n\t\t\t\t\t\t\t\t\t<ul><li>Capitalizaci\u00f3n mensual de intereses.<\/li><li>Participaci\u00f3n en rifas y sorteos.<\/li><li>Disponibilidad de sus ahorros<br \/>de forma inmediata<\/li><\/ul>\t\t\t\t\t\t\t\t<\/div>\n\t\t\t\t<\/div>\n\t\t\t\t\t<\/div>\n\t\t<\/div>\n\t\t\t\t\t<\/div>\n\t\t<\/section>\n\t\t\t\t\t<\/div>\n\t\t<\/div>\n\t\t\t\t\t<\/div>\n\t\t<\/section>\n\t\t\t\t<\/div>\n\t\t","protected":false},"excerpt":{"rendered":"<p>Ahorro Normal Disponibilidad inmediata de su dinero sin costo de mantenimiento, con la mejor tasa de inter\u00e9sdel mercado financiero. Requisitos Copia de c\u00e9dula y papeleta de votaci\u00f3n Servicio b\u00e1sico Valor apertura $60.00 Beneficios Capitalizaci\u00f3n mensual de intereses. Participaci\u00f3n en rifas y sorteos. Disponibilidad de sus ahorrosde forma inmediata<\/p>\n","protected":false},"author":1,"featured_media":0,"parent":0,"menu_order":0,"comment_status":"closed","ping_status":"closed","template":"","meta":{"_eb_attr":"","iawp_total_views":4615,"footnotes":""},"class_list":["post-347","page","type-page","status-publish","hentry"],"_links":{"self":[{"href":"https:\/\/www.cooprio.fin.ec\/index.php?rest_route=\/wp\/v2\/pages\/347","targetHints":{"allow":["GET"]}}],"collection":[{"href":"https:\/\/www.cooprio.fin.ec\/index.php?rest_route=\/wp\/v2\/pages"}],"about":[{"href":"https:\/\/www.cooprio.fin.ec\/index.php?rest_route=\/wp\/v2\/types\/page"}],"author":[{"embeddable":true,"href":"https:\/\/www.cooprio.fin.ec\/index.php?rest_route=\/wp\/v2\/users\/1"}],"replies":[{"embeddable":true,"href":"https:\/\/www.cooprio.fin.ec\/index.php?rest_route=%2Fwp%2Fv2%2Fcomments&post=347"}],"version-history":[{"count":58,"href":"https:\/\/www.cooprio.fin.ec\/index.php?rest_route=\/wp\/v2\/pages\/347\/revisions"}],"predecessor-version":[{"id":3006,"href":"https:\/\/www.cooprio.fin.ec\/index.php?rest_route=\/wp\/v2\/pages\/347\/revisions\/3006"}],"wp:attachment":[{"href":"https:\/\/www.cooprio.fin.ec\/index.php?rest_route=%2Fwp%2Fv2%2Fmedia&parent=347"}],"curies":[{"name":"wp","href":"https:\/\/api.w.org\/{rel}","templated":true}]}}