{"id":368,"date":"2023-04-25T19:58:44","date_gmt":"2023-04-26T00:58:44","guid":{"rendered":"http:\/\/10.200.10.18\/?page_id=368"},"modified":"2026-04-01T16:28:31","modified_gmt":"2026-04-01T21:28:31","slug":"ahorro_infantil","status":"publish","type":"page","link":"https:\/\/www.cooprio.fin.ec\/?page_id=368","title":{"rendered":"ahorro_infantil"},"content":{"rendered":"\t\t<div data-elementor-type=\"wp-page\" data-elementor-id=\"368\" class=\"elementor elementor-368\" data-elementor-post-type=\"page\">\n\t\t\t\t\t\t<section class=\"elementor-section elementor-top-section elementor-element elementor-element-c5364fc elementor-section-full_width elementor-hidden-mobile elementor-section-height-default elementor-section-height-default\" data-id=\"c5364fc\" data-element_type=\"section\">\n\t\t\t\t\t\t<div class=\"elementor-container elementor-column-gap-default\">\n\t\t\t\t\t<div class=\"elementor-column elementor-col-100 elementor-top-column elementor-element elementor-element-6cf22f7\" data-id=\"6cf22f7\" data-element_type=\"column\">\n\t\t\t<div class=\"elementor-widget-wrap elementor-element-populated\">\n\t\t\t\t\t\t<div class=\"elementor-element elementor-element-ad59388 elementor-widget elementor-widget-image\" data-id=\"ad59388\" data-element_type=\"widget\" data-widget_type=\"image.default\">\n\t\t\t\t<div class=\"elementor-widget-container\">\n\t\t\t\t\t\t\t\t\t\t\t\t\t\t\t<img fetchpriority=\"high\" decoding=\"async\" width=\"4738\" height=\"1863\" src=\"https:\/\/www.cooprio.fin.ec\/wp-content\/uploads\/2023\/04\/Ahorro_infantil.png\" class=\"attachment-full size-full wp-image-389\" alt=\"\" srcset=\"https:\/\/www.cooprio.fin.ec\/wp-content\/uploads\/2023\/04\/Ahorro_infantil.png 4738w, https:\/\/www.cooprio.fin.ec\/wp-content\/uploads\/2023\/04\/Ahorro_infantil-300x118.png 300w, https:\/\/www.cooprio.fin.ec\/wp-content\/uploads\/2023\/04\/Ahorro_infantil-1024x403.png 1024w, https:\/\/www.cooprio.fin.ec\/wp-content\/uploads\/2023\/04\/Ahorro_infantil-768x302.png 768w, https:\/\/www.cooprio.fin.ec\/wp-content\/uploads\/2023\/04\/Ahorro_infantil-1536x604.png 1536w, https:\/\/www.cooprio.fin.ec\/wp-content\/uploads\/2023\/04\/Ahorro_infantil-2048x805.png 2048w\" sizes=\"(max-width: 4738px) 100vw, 4738px\" \/>\t\t\t\t\t\t\t\t\t\t\t\t\t\t\t<\/div>\n\t\t\t\t<\/div>\n\t\t\t\t\t<\/div>\n\t\t<\/div>\n\t\t\t\t\t<\/div>\n\t\t<\/section>\n\t\t\t\t<section class=\"elementor-section elementor-top-section elementor-element elementor-element-43cb3ae elementor-section-full_width elementor-hidden-desktop elementor-hidden-tablet elementor-section-height-default elementor-section-height-default\" data-id=\"43cb3ae\" data-element_type=\"section\">\n\t\t\t\t\t\t<div class=\"elementor-container elementor-column-gap-default\">\n\t\t\t\t\t<div class=\"elementor-column elementor-col-100 elementor-top-column elementor-element elementor-element-7917a38\" data-id=\"7917a38\" data-element_type=\"column\">\n\t\t\t<div class=\"elementor-widget-wrap elementor-element-populated\">\n\t\t\t\t\t\t<div class=\"elementor-element elementor-element-5de4a0c elementor-widget elementor-widget-image\" data-id=\"5de4a0c\" data-element_type=\"widget\" data-widget_type=\"image.default\">\n\t\t\t\t<div class=\"elementor-widget-container\">\n\t\t\t\t\t\t\t\t\t\t\t\t\t\t\t<img decoding=\"async\" width=\"2560\" height=\"2492\" src=\"https:\/\/www.cooprio.fin.ec\/wp-content\/uploads\/2023\/06\/Ahorro-Infantil-min-scaled.jpg\" class=\"attachment-full size-full wp-image-1432\" alt=\"\" srcset=\"https:\/\/www.cooprio.fin.ec\/wp-content\/uploads\/2023\/06\/Ahorro-Infantil-min-scaled.jpg 2560w, https:\/\/www.cooprio.fin.ec\/wp-content\/uploads\/2023\/06\/Ahorro-Infantil-min-300x292.jpg 300w, https:\/\/www.cooprio.fin.ec\/wp-content\/uploads\/2023\/06\/Ahorro-Infantil-min-1024x997.jpg 1024w, https:\/\/www.cooprio.fin.ec\/wp-content\/uploads\/2023\/06\/Ahorro-Infantil-min-768x748.jpg 768w, https:\/\/www.cooprio.fin.ec\/wp-content\/uploads\/2023\/06\/Ahorro-Infantil-min-1536x1495.jpg 1536w, https:\/\/www.cooprio.fin.ec\/wp-content\/uploads\/2023\/06\/Ahorro-Infantil-min-2048x1993.jpg 2048w\" sizes=\"(max-width: 2560px) 100vw, 2560px\" \/>\t\t\t\t\t\t\t\t\t\t\t\t\t\t\t<\/div>\n\t\t\t\t<\/div>\n\t\t\t\t\t<\/div>\n\t\t<\/div>\n\t\t\t\t\t<\/div>\n\t\t<\/section>\n\t\t\t\t<section class=\"elementor-section elementor-top-section elementor-element elementor-element-daa99d9 elementor-section-boxed elementor-section-height-default elementor-section-height-default\" data-id=\"daa99d9\" data-element_type=\"section\">\n\t\t\t\t\t\t<div class=\"elementor-container elementor-column-gap-default\">\n\t\t\t\t\t<div class=\"elementor-column elementor-col-100 elementor-top-column elementor-element elementor-element-b266b9d\" data-id=\"b266b9d\" data-element_type=\"column\">\n\t\t\t<div class=\"elementor-widget-wrap elementor-element-populated\">\n\t\t\t\t\t\t<div class=\"elementor-element elementor-element-f7e2da5 elementor-widget elementor-widget-heading\" data-id=\"f7e2da5\" data-element_type=\"widget\" data-widget_type=\"heading.default\">\n\t\t\t\t<div class=\"elementor-widget-container\">\n\t\t\t\t\t<h2 class=\"elementor-heading-title elementor-size-default\">Ahorro Infantil<\/h2>\t\t\t\t<\/div>\n\t\t\t\t<\/div>\n\t\t\t\t<div class=\"elementor-element elementor-element-eaa1531 elementor-widget elementor-widget-text-editor\" data-id=\"eaa1531\" data-element_type=\"widget\" data-widget_type=\"text-editor.default\">\n\t\t\t\t<div class=\"elementor-widget-container\">\n\t\t\t\t\t\t\t\t\t<p class=\"western\" lang=\"es-ES\" align=\"justify\">Dise\u00f1ada para que los menores de edad aprendan a tener una cultura de ahorro y a utilizar de<br \/>manera responsable su dinero.<\/p>\t\t\t\t\t\t\t\t<\/div>\n\t\t\t\t<\/div>\n\t\t\t\t<section class=\"elementor-section elementor-inner-section elementor-element elementor-element-e631006 elementor-section-boxed elementor-section-height-default elementor-section-height-default\" data-id=\"e631006\" data-element_type=\"section\">\n\t\t\t\t\t\t<div class=\"elementor-container elementor-column-gap-default\">\n\t\t\t\t\t<div class=\"elementor-column elementor-col-33 elementor-inner-column elementor-element elementor-element-3567bc3\" data-id=\"3567bc3\" data-element_type=\"column\" data-settings=\"{&quot;background_background&quot;:&quot;classic&quot;}\">\n\t\t\t<div class=\"elementor-widget-wrap elementor-element-populated\">\n\t\t\t\t\t\t<div class=\"elementor-element elementor-element-8b72ffd elementor-widget elementor-widget-image\" data-id=\"8b72ffd\" data-element_type=\"widget\" data-widget_type=\"image.default\">\n\t\t\t\t<div class=\"elementor-widget-container\">\n\t\t\t\t\t\t\t\t\t\t\t\t\t\t\t<img decoding=\"async\" width=\"787\" height=\"980\" src=\"https:\/\/www.cooprio.fin.ec\/wp-content\/uploads\/2023\/04\/2.png\" class=\"attachment-full size-full wp-image-630\" alt=\"\" srcset=\"https:\/\/www.cooprio.fin.ec\/wp-content\/uploads\/2023\/04\/2.png 787w, https:\/\/www.cooprio.fin.ec\/wp-content\/uploads\/2023\/04\/2-241x300.png 241w, https:\/\/www.cooprio.fin.ec\/wp-content\/uploads\/2023\/04\/2-768x956.png 768w\" sizes=\"(max-width: 787px) 100vw, 787px\" \/>\t\t\t\t\t\t\t\t\t\t\t\t\t\t\t<\/div>\n\t\t\t\t<\/div>\n\t\t\t\t\t<\/div>\n\t\t<\/div>\n\t\t\t\t<div class=\"elementor-column elementor-col-33 elementor-inner-column elementor-element elementor-element-335f134\" data-id=\"335f134\" data-element_type=\"column\">\n\t\t\t<div class=\"elementor-widget-wrap elementor-element-populated\">\n\t\t\t\t\t\t<div class=\"elementor-element elementor-element-37fc820 elementor-widget elementor-widget-heading\" data-id=\"37fc820\" data-element_type=\"widget\" data-widget_type=\"heading.default\">\n\t\t\t\t<div class=\"elementor-widget-container\">\n\t\t\t\t\t<h2 class=\"elementor-heading-title elementor-size-default\">Requisitos<\/h2>\t\t\t\t<\/div>\n\t\t\t\t<\/div>\n\t\t\t\t<div class=\"elementor-element elementor-element-20ac1aa elementor-widget elementor-widget-text-editor\" data-id=\"20ac1aa\" data-element_type=\"widget\" data-widget_type=\"text-editor.default\">\n\t\t\t\t<div class=\"elementor-widget-container\">\n\t\t\t\t\t\t\t\t\t<ul>\n \t<li>Copia de c\u00e9dula y papeleta de votaci\u00f3n del representante.<\/li>\n \t<li>Copia de C\u00e9dula y partida de nacimiento del menor de edad.<\/li>\n \t<li>Servicio b\u00e1sico.<\/li>\n \t<li><strong>Valor apertura $10.00<\/strong><\/li>\n<\/ul>\t\t\t\t\t\t\t\t<\/div>\n\t\t\t\t<\/div>\n\t\t\t\t\t<\/div>\n\t\t<\/div>\n\t\t\t\t<div class=\"elementor-column elementor-col-33 elementor-inner-column elementor-element elementor-element-15b8863\" data-id=\"15b8863\" data-element_type=\"column\">\n\t\t\t<div class=\"elementor-widget-wrap elementor-element-populated\">\n\t\t\t\t\t\t<div class=\"elementor-element elementor-element-0631528 elementor-widget elementor-widget-heading\" data-id=\"0631528\" data-element_type=\"widget\" data-widget_type=\"heading.default\">\n\t\t\t\t<div class=\"elementor-widget-container\">\n\t\t\t\t\t<h2 class=\"elementor-heading-title elementor-size-default\">Beneficios<\/h2>\t\t\t\t<\/div>\n\t\t\t\t<\/div>\n\t\t\t\t<div class=\"elementor-element elementor-element-a55dcb8 elementor-widget elementor-widget-text-editor\" data-id=\"a55dcb8\" data-element_type=\"widget\" data-widget_type=\"text-editor.default\">\n\t\t\t\t<div class=\"elementor-widget-container\">\n\t\t\t\t\t\t\t\t\t<ul><li>Capitalizaci\u00f3n mensual de intereses.<\/li><li>Participaci\u00f3n en rifas y sorteos.<\/li><\/ul>\t\t\t\t\t\t\t\t<\/div>\n\t\t\t\t<\/div>\n\t\t\t\t\t<\/div>\n\t\t<\/div>\n\t\t\t\t\t<\/div>\n\t\t<\/section>\n\t\t\t\t\t<\/div>\n\t\t<\/div>\n\t\t\t\t\t<\/div>\n\t\t<\/section>\n\t\t\t\t<\/div>\n\t\t","protected":false},"excerpt":{"rendered":"<p>Ahorro Infantil Dise\u00f1ada para que los menores de edad aprendan a tener una cultura de ahorro y a utilizar demanera responsable su dinero. Requisitos Copia de c\u00e9dula y papeleta de votaci\u00f3n del representante. Copia de C\u00e9dula y partida de nacimiento del menor de edad. Servicio b\u00e1sico. Valor apertura $10.00 Beneficios Capitalizaci\u00f3n mensual de intereses. Participaci\u00f3n [&hellip;]<\/p>\n","protected":false},"author":1,"featured_media":0,"parent":0,"menu_order":0,"comment_status":"closed","ping_status":"closed","template":"","meta":{"_eb_attr":"","iawp_total_views":2220,"footnotes":""},"class_list":["post-368","page","type-page","status-publish","hentry"],"_links":{"self":[{"href":"https:\/\/www.cooprio.fin.ec\/index.php?rest_route=\/wp\/v2\/pages\/368","targetHints":{"allow":["GET"]}}],"collection":[{"href":"https:\/\/www.cooprio.fin.ec\/index.php?rest_route=\/wp\/v2\/pages"}],"about":[{"href":"https:\/\/www.cooprio.fin.ec\/index.php?rest_route=\/wp\/v2\/types\/page"}],"author":[{"embeddable":true,"href":"https:\/\/www.cooprio.fin.ec\/index.php?rest_route=\/wp\/v2\/users\/1"}],"replies":[{"embeddable":true,"href":"https:\/\/www.cooprio.fin.ec\/index.php?rest_route=%2Fwp%2Fv2%2Fcomments&post=368"}],"version-history":[{"count":85,"href":"https:\/\/www.cooprio.fin.ec\/index.php?rest_route=\/wp\/v2\/pages\/368\/revisions"}],"predecessor-version":[{"id":3000,"href":"https:\/\/www.cooprio.fin.ec\/index.php?rest_route=\/wp\/v2\/pages\/368\/revisions\/3000"}],"wp:attachment":[{"href":"https:\/\/www.cooprio.fin.ec\/index.php?rest_route=%2Fwp%2Fv2%2Fmedia&parent=368"}],"curies":[{"name":"wp","href":"https:\/\/api.w.org\/{rel}","templated":true}]}}