{"id":529,"date":"2023-04-26T19:44:40","date_gmt":"2023-04-27T00:44:40","guid":{"rendered":"http:\/\/10.200.10.18\/?page_id=529"},"modified":"2025-04-07T18:10:20","modified_gmt":"2025-04-07T23:10:20","slug":"credito-microcredito","status":"publish","type":"page","link":"https:\/\/www.cooprio.fin.ec\/?page_id=529","title":{"rendered":"credito-microcredito"},"content":{"rendered":"\t\t<div data-elementor-type=\"wp-page\" data-elementor-id=\"529\" class=\"elementor elementor-529\" data-elementor-post-type=\"page\">\n\t\t\t\t\t\t<section class=\"elementor-section elementor-top-section elementor-element elementor-element-c5364fc elementor-section-full_width elementor-hidden-mobile elementor-section-height-default elementor-section-height-default\" data-id=\"c5364fc\" data-element_type=\"section\">\n\t\t\t\t\t\t<div class=\"elementor-container elementor-column-gap-default\">\n\t\t\t\t\t<div class=\"elementor-column elementor-col-100 elementor-top-column elementor-element elementor-element-6cf22f7\" data-id=\"6cf22f7\" data-element_type=\"column\">\n\t\t\t<div class=\"elementor-widget-wrap elementor-element-populated\">\n\t\t\t\t\t\t<div class=\"elementor-element elementor-element-ad59388 elementor-widget elementor-widget-image\" data-id=\"ad59388\" data-element_type=\"widget\" data-widget_type=\"image.default\">\n\t\t\t\t<div class=\"elementor-widget-container\">\n\t\t\t\t\t\t\t\t\t\t\t\t\t\t\t<img fetchpriority=\"high\" decoding=\"async\" width=\"2560\" height=\"1007\" src=\"https:\/\/www.cooprio.fin.ec\/wp-content\/uploads\/2023\/04\/micro-credito-scaled.jpg\" class=\"attachment-full size-full wp-image-533\" alt=\"\" srcset=\"https:\/\/www.cooprio.fin.ec\/wp-content\/uploads\/2023\/04\/micro-credito-scaled.jpg 2560w, https:\/\/www.cooprio.fin.ec\/wp-content\/uploads\/2023\/04\/micro-credito-300x118.jpg 300w, https:\/\/www.cooprio.fin.ec\/wp-content\/uploads\/2023\/04\/micro-credito-1024x403.jpg 1024w, https:\/\/www.cooprio.fin.ec\/wp-content\/uploads\/2023\/04\/micro-credito-768x302.jpg 768w, https:\/\/www.cooprio.fin.ec\/wp-content\/uploads\/2023\/04\/micro-credito-1536x604.jpg 1536w, https:\/\/www.cooprio.fin.ec\/wp-content\/uploads\/2023\/04\/micro-credito-2048x805.jpg 2048w\" sizes=\"(max-width: 2560px) 100vw, 2560px\" \/>\t\t\t\t\t\t\t\t\t\t\t\t\t\t\t<\/div>\n\t\t\t\t<\/div>\n\t\t\t\t\t<\/div>\n\t\t<\/div>\n\t\t\t\t\t<\/div>\n\t\t<\/section>\n\t\t\t\t<section class=\"elementor-section elementor-top-section elementor-element elementor-element-d12d711 elementor-section-full_width elementor-hidden-desktop elementor-hidden-tablet elementor-section-height-default elementor-section-height-default\" data-id=\"d12d711\" data-element_type=\"section\">\n\t\t\t\t\t\t<div class=\"elementor-container elementor-column-gap-default\">\n\t\t\t\t\t<div class=\"elementor-column elementor-col-100 elementor-top-column elementor-element elementor-element-64df27a\" data-id=\"64df27a\" data-element_type=\"column\">\n\t\t\t<div class=\"elementor-widget-wrap elementor-element-populated\">\n\t\t\t\t\t\t<div class=\"elementor-element elementor-element-19e2075 elementor-widget elementor-widget-image\" data-id=\"19e2075\" data-element_type=\"widget\" data-widget_type=\"image.default\">\n\t\t\t\t<div class=\"elementor-widget-container\">\n\t\t\t\t\t\t\t\t\t\t\t\t\t\t\t<img decoding=\"async\" width=\"2560\" height=\"2492\" src=\"https:\/\/www.cooprio.fin.ec\/wp-content\/uploads\/2023\/06\/Microcredito-min-scaled.jpg\" class=\"attachment-full size-full wp-image-1483\" alt=\"\" srcset=\"https:\/\/www.cooprio.fin.ec\/wp-content\/uploads\/2023\/06\/Microcredito-min-scaled.jpg 2560w, https:\/\/www.cooprio.fin.ec\/wp-content\/uploads\/2023\/06\/Microcredito-min-300x292.jpg 300w, https:\/\/www.cooprio.fin.ec\/wp-content\/uploads\/2023\/06\/Microcredito-min-1024x997.jpg 1024w, https:\/\/www.cooprio.fin.ec\/wp-content\/uploads\/2023\/06\/Microcredito-min-768x748.jpg 768w, https:\/\/www.cooprio.fin.ec\/wp-content\/uploads\/2023\/06\/Microcredito-min-1536x1495.jpg 1536w, https:\/\/www.cooprio.fin.ec\/wp-content\/uploads\/2023\/06\/Microcredito-min-2048x1993.jpg 2048w\" sizes=\"(max-width: 2560px) 100vw, 2560px\" \/>\t\t\t\t\t\t\t\t\t\t\t\t\t\t\t<\/div>\n\t\t\t\t<\/div>\n\t\t\t\t\t<\/div>\n\t\t<\/div>\n\t\t\t\t\t<\/div>\n\t\t<\/section>\n\t\t\t\t<section class=\"elementor-section elementor-top-section elementor-element elementor-element-daa99d9 elementor-section-boxed elementor-section-height-default elementor-section-height-default\" data-id=\"daa99d9\" data-element_type=\"section\">\n\t\t\t\t\t\t<div class=\"elementor-container elementor-column-gap-default\">\n\t\t\t\t\t<div class=\"elementor-column elementor-col-100 elementor-top-column elementor-element elementor-element-b266b9d\" data-id=\"b266b9d\" data-element_type=\"column\">\n\t\t\t<div class=\"elementor-widget-wrap elementor-element-populated\">\n\t\t\t\t\t\t<section class=\"elementor-section elementor-inner-section elementor-element elementor-element-e631006 elementor-section-boxed elementor-section-height-default elementor-section-height-default\" data-id=\"e631006\" data-element_type=\"section\">\n\t\t\t\t\t\t<div class=\"elementor-container elementor-column-gap-default\">\n\t\t\t\t\t<div class=\"elementor-column elementor-col-33 elementor-inner-column elementor-element elementor-element-335f134\" data-id=\"335f134\" data-element_type=\"column\">\n\t\t\t<div class=\"elementor-widget-wrap elementor-element-populated\">\n\t\t\t\t\t\t<div class=\"elementor-element elementor-element-e095c90 elementor-widget elementor-widget-image\" data-id=\"e095c90\" data-element_type=\"widget\" data-widget_type=\"image.default\">\n\t\t\t\t<div class=\"elementor-widget-container\">\n\t\t\t\t\t\t\t\t\t\t\t\t\t\t\t<img decoding=\"async\" width=\"556\" height=\"556\" src=\"https:\/\/www.cooprio.fin.ec\/wp-content\/uploads\/2023\/04\/2-1.png\" class=\"attachment-large size-large wp-image-731\" alt=\"\" srcset=\"https:\/\/www.cooprio.fin.ec\/wp-content\/uploads\/2023\/04\/2-1.png 556w, https:\/\/www.cooprio.fin.ec\/wp-content\/uploads\/2023\/04\/2-1-300x300.png 300w, https:\/\/www.cooprio.fin.ec\/wp-content\/uploads\/2023\/04\/2-1-150x150.png 150w\" sizes=\"(max-width: 556px) 100vw, 556px\" \/>\t\t\t\t\t\t\t\t\t\t\t\t\t\t\t<\/div>\n\t\t\t\t<\/div>\n\t\t\t\t\t<\/div>\n\t\t<\/div>\n\t\t\t\t<div class=\"elementor-column elementor-col-33 elementor-inner-column elementor-element elementor-element-6cbf20b\" data-id=\"6cbf20b\" data-element_type=\"column\">\n\t\t\t<div class=\"elementor-widget-wrap elementor-element-populated\">\n\t\t\t\t\t\t<div class=\"elementor-element elementor-element-a3ff63a elementor-widget elementor-widget-heading\" data-id=\"a3ff63a\" data-element_type=\"widget\" data-widget_type=\"heading.default\">\n\t\t\t\t<div class=\"elementor-widget-container\">\n\t\t\t\t\t<p class=\"elementor-heading-title elementor-size-default\">MICROCR\u00c9DITOS<\/p>\t\t\t\t<\/div>\n\t\t\t\t<\/div>\n\t\t\t\t<div class=\"elementor-element elementor-element-4f489f0 elementor-widget elementor-widget-text-editor\" data-id=\"4f489f0\" data-element_type=\"widget\" data-widget_type=\"text-editor.default\">\n\t\t\t\t<div class=\"elementor-widget-container\">\n\t\t\t\t\t\t\t\t\t<p>Producto de cr\u00e9dito dirigido al sector micro empresarial para financiar capital de trabajo o activos fijos de los peque\u00f1os o medianos negocios, artesanos, agricultores, transportistas.<\/p>\t\t\t\t\t\t\t\t<\/div>\n\t\t\t\t<\/div>\n\t\t\t\t\t<\/div>\n\t\t<\/div>\n\t\t\t\t<div class=\"elementor-column elementor-col-33 elementor-inner-column elementor-element elementor-element-8eb81ca\" data-id=\"8eb81ca\" data-element_type=\"column\">\n\t\t\t<div class=\"elementor-widget-wrap elementor-element-populated\">\n\t\t\t\t\t\t<div class=\"elementor-element elementor-element-ef7c3c5 elementor-widget elementor-widget-heading\" data-id=\"ef7c3c5\" data-element_type=\"widget\" data-widget_type=\"heading.default\">\n\t\t\t\t<div class=\"elementor-widget-container\">\n\t\t\t\t\t<p class=\"elementor-heading-title elementor-size-default\">MONTOS<\/p>\t\t\t\t<\/div>\n\t\t\t\t<\/div>\n\t\t\t\t<div class=\"elementor-element elementor-element-567a066 elementor-widget elementor-widget-text-editor\" data-id=\"567a066\" data-element_type=\"widget\" data-widget_type=\"text-editor.default\">\n\t\t\t\t<div class=\"elementor-widget-container\">\n\t\t\t\t\t\t\t\t\t<p>DESDE:\u00a0 <strong><span style=\"color: #09467c;\">$200,00<\/span><\/strong><\/p><p>HASTA: <strong><span style=\"color: #09467c;\">$200.000,00<\/span><\/strong><\/p><p>\u00a0<\/p>\t\t\t\t\t\t\t\t<\/div>\n\t\t\t\t<\/div>\n\t\t\t\t\t<\/div>\n\t\t<\/div>\n\t\t\t\t\t<\/div>\n\t\t<\/section>\n\t\t\t\t<div class=\"elementor-element elementor-element-0d78dca elementor-align-center elementor-widget elementor-widget-button\" data-id=\"0d78dca\" data-element_type=\"widget\" data-widget_type=\"button.default\">\n\t\t\t\t<div class=\"elementor-widget-container\">\n\t\t\t\t\t\t\t\t\t<div class=\"elementor-button-wrapper\">\n\t\t\t\t\t<a class=\"elementor-button elementor-button-link elementor-size-sm\" href=\"https:\/\/forms.gle\/sTrUeuFAkKcSkfuv6\" target=\"_blank\">\n\t\t\t\t\t\t<span class=\"elementor-button-content-wrapper\">\n\t\t\t\t\t\t\t\t\t<span class=\"elementor-button-text\">Solicitalo ya<\/span>\n\t\t\t\t\t<\/span>\n\t\t\t\t\t<\/a>\n\t\t\t\t<\/div>\n\t\t\t\t\t\t\t\t<\/div>\n\t\t\t\t<\/div>\n\t\t\t\t\t<\/div>\n\t\t<\/div>\n\t\t\t\t\t<\/div>\n\t\t<\/section>\n\t\t\t\t<section class=\"elementor-section elementor-top-section elementor-element elementor-element-01c56cf elementor-section-boxed elementor-section-height-default elementor-section-height-default\" data-id=\"01c56cf\" data-element_type=\"section\">\n\t\t\t\t\t\t<div class=\"elementor-container elementor-column-gap-default\">\n\t\t\t\t\t<div class=\"elementor-column elementor-col-100 elementor-top-column elementor-element elementor-element-7b1f9f0\" data-id=\"7b1f9f0\" data-element_type=\"column\">\n\t\t\t<div class=\"elementor-widget-wrap elementor-element-populated\">\n\t\t\t\t\t\t<section class=\"elementor-section elementor-inner-section elementor-element elementor-element-82047df elementor-section-boxed elementor-section-height-default elementor-section-height-default\" data-id=\"82047df\" data-element_type=\"section\">\n\t\t\t\t\t\t<div class=\"elementor-container elementor-column-gap-default\">\n\t\t\t\t\t<div class=\"elementor-column elementor-col-33 elementor-inner-column elementor-element elementor-element-e6711e3\" data-id=\"e6711e3\" data-element_type=\"column\">\n\t\t\t<div class=\"elementor-widget-wrap elementor-element-populated\">\n\t\t\t\t\t\t<div class=\"elementor-element elementor-element-60d2320 elementor-widget elementor-widget-image\" data-id=\"60d2320\" data-element_type=\"widget\" data-widget_type=\"image.default\">\n\t\t\t\t<div class=\"elementor-widget-container\">\n\t\t\t\t\t\t\t\t\t\t\t\t\t\t\t<img loading=\"lazy\" decoding=\"async\" width=\"556\" height=\"556\" src=\"https:\/\/www.cooprio.fin.ec\/wp-content\/uploads\/2023\/05\/4.png\" class=\"attachment-large size-large wp-image-735\" alt=\"\" srcset=\"https:\/\/www.cooprio.fin.ec\/wp-content\/uploads\/2023\/05\/4.png 556w, https:\/\/www.cooprio.fin.ec\/wp-content\/uploads\/2023\/05\/4-300x300.png 300w, https:\/\/www.cooprio.fin.ec\/wp-content\/uploads\/2023\/05\/4-150x150.png 150w\" sizes=\"(max-width: 556px) 100vw, 556px\" \/>\t\t\t\t\t\t\t\t\t\t\t\t\t\t\t<\/div>\n\t\t\t\t<\/div>\n\t\t\t\t\t<\/div>\n\t\t<\/div>\n\t\t\t\t<div class=\"elementor-column elementor-col-33 elementor-inner-column elementor-element elementor-element-0a81151\" data-id=\"0a81151\" data-element_type=\"column\">\n\t\t\t<div class=\"elementor-widget-wrap elementor-element-populated\">\n\t\t\t\t\t\t<div class=\"elementor-element elementor-element-b30ca7b elementor-widget elementor-widget-heading\" data-id=\"b30ca7b\" data-element_type=\"widget\" data-widget_type=\"heading.default\">\n\t\t\t\t<div class=\"elementor-widget-container\">\n\t\t\t\t\t<p class=\"elementor-heading-title elementor-size-default\">MICRO \u00c1GIL<\/p>\t\t\t\t<\/div>\n\t\t\t\t<\/div>\n\t\t\t\t<div class=\"elementor-element elementor-element-0c53256 elementor-widget elementor-widget-text-editor\" data-id=\"0c53256\" data-element_type=\"widget\" data-widget_type=\"text-editor.default\">\n\t\t\t\t<div class=\"elementor-widget-container\">\n\t\t\t\t\t\t\t\t\t<p>Dirigido a socios comerciantes de los mercados para capital de trabajo.<\/p>\t\t\t\t\t\t\t\t<\/div>\n\t\t\t\t<\/div>\n\t\t\t\t\t<\/div>\n\t\t<\/div>\n\t\t\t\t<div class=\"elementor-column elementor-col-33 elementor-inner-column elementor-element elementor-element-bdfe9a0\" data-id=\"bdfe9a0\" data-element_type=\"column\">\n\t\t\t<div class=\"elementor-widget-wrap elementor-element-populated\">\n\t\t\t\t\t\t<div class=\"elementor-element elementor-element-19cadd5 elementor-widget elementor-widget-heading\" data-id=\"19cadd5\" data-element_type=\"widget\" data-widget_type=\"heading.default\">\n\t\t\t\t<div class=\"elementor-widget-container\">\n\t\t\t\t\t<p class=\"elementor-heading-title elementor-size-default\">MONTOS<\/p>\t\t\t\t<\/div>\n\t\t\t\t<\/div>\n\t\t\t\t<div class=\"elementor-element elementor-element-30dc212 elementor-widget elementor-widget-text-editor\" data-id=\"30dc212\" data-element_type=\"widget\" data-widget_type=\"text-editor.default\">\n\t\t\t\t<div class=\"elementor-widget-container\">\n\t\t\t\t\t\t\t\t\t<p>DESDE:\u00a0 <strong><span style=\"color: #09467c;\">$200,00<\/span><\/strong><\/p><p><span style=\"color: var( --e-global-color-text );\">Monto hasta\u00a0<\/span><span style=\"color: var( --e-global-color-text ); font-weight: bolder;\"><span style=\"color: #09467c;\">$3.000,00<\/span><\/span><\/p><p>No requiere firma de c\u00f3nyuge.<br \/>Aprobaci\u00f3n en <strong><span style=\"color: #09467c;\">20 minutos.<\/span><\/strong><\/p>\t\t\t\t\t\t\t\t<\/div>\n\t\t\t\t<\/div>\n\t\t\t\t\t<\/div>\n\t\t<\/div>\n\t\t\t\t\t<\/div>\n\t\t<\/section>\n\t\t\t\t<div class=\"elementor-element elementor-element-dcc4dde elementor-align-center elementor-widget elementor-widget-button\" data-id=\"dcc4dde\" data-element_type=\"widget\" data-widget_type=\"button.default\">\n\t\t\t\t<div class=\"elementor-widget-container\">\n\t\t\t\t\t\t\t\t\t<div class=\"elementor-button-wrapper\">\n\t\t\t\t\t<a class=\"elementor-button elementor-button-link elementor-size-sm\" href=\"https:\/\/forms.gle\/sTrUeuFAkKcSkfuv6\" target=\"_blank\">\n\t\t\t\t\t\t<span class=\"elementor-button-content-wrapper\">\n\t\t\t\t\t\t\t\t\t<span class=\"elementor-button-text\">Solicitalo ya<\/span>\n\t\t\t\t\t<\/span>\n\t\t\t\t\t<\/a>\n\t\t\t\t<\/div>\n\t\t\t\t\t\t\t\t<\/div>\n\t\t\t\t<\/div>\n\t\t\t\t\t<\/div>\n\t\t<\/div>\n\t\t\t\t\t<\/div>\n\t\t<\/section>\n\t\t\t\t<section class=\"elementor-section elementor-top-section elementor-element elementor-element-edcb56c elementor-section-boxed elementor-section-height-default elementor-section-height-default\" data-id=\"edcb56c\" data-element_type=\"section\">\n\t\t\t\t\t\t<div class=\"elementor-container elementor-column-gap-default\">\n\t\t\t\t\t<div class=\"elementor-column elementor-col-100 elementor-top-column elementor-element elementor-element-d939b6c\" data-id=\"d939b6c\" data-element_type=\"column\">\n\t\t\t<div class=\"elementor-widget-wrap elementor-element-populated\">\n\t\t\t\t\t\t<section class=\"elementor-section elementor-inner-section elementor-element elementor-element-f6e5598 elementor-section-boxed elementor-section-height-default elementor-section-height-default\" data-id=\"f6e5598\" data-element_type=\"section\">\n\t\t\t\t\t\t<div class=\"elementor-container elementor-column-gap-default\">\n\t\t\t\t\t<div class=\"elementor-column elementor-col-33 elementor-inner-column elementor-element elementor-element-e0790b9\" data-id=\"e0790b9\" data-element_type=\"column\">\n\t\t\t<div class=\"elementor-widget-wrap elementor-element-populated\">\n\t\t\t\t\t\t<div class=\"elementor-element elementor-element-d21ff38 elementor-widget elementor-widget-image\" data-id=\"d21ff38\" data-element_type=\"widget\" data-widget_type=\"image.default\">\n\t\t\t\t<div class=\"elementor-widget-container\">\n\t\t\t\t\t\t\t\t\t\t\t\t\t\t\t<img loading=\"lazy\" decoding=\"async\" width=\"556\" height=\"556\" src=\"https:\/\/www.cooprio.fin.ec\/wp-content\/uploads\/2023\/05\/6.png\" class=\"attachment-large size-large wp-image-737\" alt=\"\" srcset=\"https:\/\/www.cooprio.fin.ec\/wp-content\/uploads\/2023\/05\/6.png 556w, https:\/\/www.cooprio.fin.ec\/wp-content\/uploads\/2023\/05\/6-300x300.png 300w, https:\/\/www.cooprio.fin.ec\/wp-content\/uploads\/2023\/05\/6-150x150.png 150w\" sizes=\"(max-width: 556px) 100vw, 556px\" \/>\t\t\t\t\t\t\t\t\t\t\t\t\t\t\t<\/div>\n\t\t\t\t<\/div>\n\t\t\t\t\t<\/div>\n\t\t<\/div>\n\t\t\t\t<div class=\"elementor-column elementor-col-33 elementor-inner-column elementor-element elementor-element-467382e\" data-id=\"467382e\" data-element_type=\"column\">\n\t\t\t<div class=\"elementor-widget-wrap elementor-element-populated\">\n\t\t\t\t\t\t<div class=\"elementor-element elementor-element-42c2d3a elementor-widget elementor-widget-heading\" data-id=\"42c2d3a\" data-element_type=\"widget\" data-widget_type=\"heading.default\">\n\t\t\t\t<div class=\"elementor-widget-container\">\n\t\t\t\t\t<p class=\"elementor-heading-title elementor-size-default\">MICRO REACTIVACI\u00d3N<\/p>\t\t\t\t<\/div>\n\t\t\t\t<\/div>\n\t\t\t\t<div class=\"elementor-element elementor-element-9c27013 elementor-widget elementor-widget-text-editor\" data-id=\"9c27013\" data-element_type=\"widget\" data-widget_type=\"text-editor.default\">\n\t\t\t\t<div class=\"elementor-widget-container\">\n\t\t\t\t\t\t\t\t\t<p>Dirigido a socios para reactivar los negocios.<\/p>\t\t\t\t\t\t\t\t<\/div>\n\t\t\t\t<\/div>\n\t\t\t\t\t<\/div>\n\t\t<\/div>\n\t\t\t\t<div class=\"elementor-column elementor-col-33 elementor-inner-column elementor-element elementor-element-7637955\" data-id=\"7637955\" data-element_type=\"column\">\n\t\t\t<div class=\"elementor-widget-wrap elementor-element-populated\">\n\t\t\t\t\t\t<div class=\"elementor-element elementor-element-f925742 elementor-widget elementor-widget-heading\" data-id=\"f925742\" data-element_type=\"widget\" data-widget_type=\"heading.default\">\n\t\t\t\t<div class=\"elementor-widget-container\">\n\t\t\t\t\t<p class=\"elementor-heading-title elementor-size-default\">MONTOS<\/p>\t\t\t\t<\/div>\n\t\t\t\t<\/div>\n\t\t\t\t<div class=\"elementor-element elementor-element-523805b elementor-widget elementor-widget-text-editor\" data-id=\"523805b\" data-element_type=\"widget\" data-widget_type=\"text-editor.default\">\n\t\t\t\t<div class=\"elementor-widget-container\">\n\t\t\t\t\t\t\t\t\t<p>Tasa de inter\u00e9s preferencial.<br \/>Monto hasta <strong><span style=\"color: #09467c;\">$20.000,00<\/span><\/strong><br \/>Plazo <strong><span style=\"color: #09467c;\">64 meses.<\/span><\/strong><\/p>\t\t\t\t\t\t\t\t<\/div>\n\t\t\t\t<\/div>\n\t\t\t\t\t<\/div>\n\t\t<\/div>\n\t\t\t\t\t<\/div>\n\t\t<\/section>\n\t\t\t\t<div class=\"elementor-element elementor-element-232bd31 elementor-align-center elementor-widget elementor-widget-button\" data-id=\"232bd31\" data-element_type=\"widget\" data-widget_type=\"button.default\">\n\t\t\t\t<div class=\"elementor-widget-container\">\n\t\t\t\t\t\t\t\t\t<div class=\"elementor-button-wrapper\">\n\t\t\t\t\t<a class=\"elementor-button elementor-button-link elementor-size-sm\" href=\"https:\/\/forms.gle\/sTrUeuFAkKcSkfuv6\" target=\"_blank\">\n\t\t\t\t\t\t<span class=\"elementor-button-content-wrapper\">\n\t\t\t\t\t\t\t\t\t<span class=\"elementor-button-text\">Solicitalo ya<\/span>\n\t\t\t\t\t<\/span>\n\t\t\t\t\t<\/a>\n\t\t\t\t<\/div>\n\t\t\t\t\t\t\t\t<\/div>\n\t\t\t\t<\/div>\n\t\t\t\t\t<\/div>\n\t\t<\/div>\n\t\t\t\t\t<\/div>\n\t\t<\/section>\n\t\t\t\t<section class=\"elementor-section elementor-top-section elementor-element elementor-element-aaf063d elementor-section-boxed elementor-section-height-default elementor-section-height-default\" data-id=\"aaf063d\" data-element_type=\"section\">\n\t\t\t\t\t\t<div class=\"elementor-container elementor-column-gap-default\">\n\t\t\t\t\t<div class=\"elementor-column elementor-col-100 elementor-top-column elementor-element elementor-element-13f487a\" data-id=\"13f487a\" data-element_type=\"column\">\n\t\t\t<div class=\"elementor-widget-wrap elementor-element-populated\">\n\t\t\t\t\t\t<section class=\"elementor-section elementor-inner-section elementor-element elementor-element-ea4312a elementor-section-boxed elementor-section-height-default elementor-section-height-default\" data-id=\"ea4312a\" data-element_type=\"section\">\n\t\t\t\t\t\t<div class=\"elementor-container elementor-column-gap-default\">\n\t\t\t\t\t<div class=\"elementor-column elementor-col-33 elementor-inner-column elementor-element elementor-element-6650373\" data-id=\"6650373\" data-element_type=\"column\">\n\t\t\t<div class=\"elementor-widget-wrap elementor-element-populated\">\n\t\t\t\t\t\t<div class=\"elementor-element elementor-element-55d633b elementor-widget elementor-widget-image\" data-id=\"55d633b\" data-element_type=\"widget\" data-widget_type=\"image.default\">\n\t\t\t\t<div class=\"elementor-widget-container\">\n\t\t\t\t\t\t\t\t\t\t\t\t\t\t\t<img loading=\"lazy\" decoding=\"async\" width=\"556\" height=\"556\" src=\"https:\/\/www.cooprio.fin.ec\/wp-content\/uploads\/2023\/05\/3.png\" class=\"attachment-large size-large wp-image-738\" alt=\"\" srcset=\"https:\/\/www.cooprio.fin.ec\/wp-content\/uploads\/2023\/05\/3.png 556w, https:\/\/www.cooprio.fin.ec\/wp-content\/uploads\/2023\/05\/3-300x300.png 300w, https:\/\/www.cooprio.fin.ec\/wp-content\/uploads\/2023\/05\/3-150x150.png 150w\" sizes=\"(max-width: 556px) 100vw, 556px\" \/>\t\t\t\t\t\t\t\t\t\t\t\t\t\t\t<\/div>\n\t\t\t\t<\/div>\n\t\t\t\t\t<\/div>\n\t\t<\/div>\n\t\t\t\t<div class=\"elementor-column elementor-col-33 elementor-inner-column elementor-element elementor-element-97fe434\" data-id=\"97fe434\" data-element_type=\"column\">\n\t\t\t<div class=\"elementor-widget-wrap elementor-element-populated\">\n\t\t\t\t\t\t<div class=\"elementor-element elementor-element-37ce726 elementor-widget elementor-widget-heading\" data-id=\"37ce726\" data-element_type=\"widget\" data-widget_type=\"heading.default\">\n\t\t\t\t<div class=\"elementor-widget-container\">\n\t\t\t\t\t<p class=\"elementor-heading-title elementor-size-default\">MICRO INSTITUCIONAL<\/p>\t\t\t\t<\/div>\n\t\t\t\t<\/div>\n\t\t\t\t<div class=\"elementor-element elementor-element-64f079a elementor-widget elementor-widget-text-editor\" data-id=\"64f079a\" data-element_type=\"widget\" data-widget_type=\"text-editor.default\">\n\t\t\t\t<div class=\"elementor-widget-container\">\n\t\t\t\t\t\t\t\t\t<p>Contrato que se firma entre los Representantes Legales de la Organizaci\u00f3n y la Cooperativa, brindando alternativas flexibles y oportunas para acceder a cr\u00e9ditos con tasas preferenciales.<\/p>\t\t\t\t\t\t\t\t<\/div>\n\t\t\t\t<\/div>\n\t\t\t\t\t<\/div>\n\t\t<\/div>\n\t\t\t\t<div class=\"elementor-column elementor-col-33 elementor-inner-column elementor-element elementor-element-046d54a\" data-id=\"046d54a\" data-element_type=\"column\">\n\t\t\t<div class=\"elementor-widget-wrap elementor-element-populated\">\n\t\t\t\t\t\t<div class=\"elementor-element elementor-element-d8d0cb7 elementor-widget elementor-widget-heading\" data-id=\"d8d0cb7\" data-element_type=\"widget\" data-widget_type=\"heading.default\">\n\t\t\t\t<div class=\"elementor-widget-container\">\n\t\t\t\t\t<p class=\"elementor-heading-title elementor-size-default\">MONTOS<\/p>\t\t\t\t<\/div>\n\t\t\t\t<\/div>\n\t\t\t\t<div class=\"elementor-element elementor-element-02dda5b elementor-widget elementor-widget-text-editor\" data-id=\"02dda5b\" data-element_type=\"widget\" data-widget_type=\"text-editor.default\">\n\t\t\t\t<div class=\"elementor-widget-container\">\n\t\t\t\t\t\t\t\t\t<p>Tasa de inter\u00e9s preferencial.<\/p><p>Monto hasta <strong><span style=\"color: #09467c;\">$40.000,00<\/span><\/strong><\/p>\t\t\t\t\t\t\t\t<\/div>\n\t\t\t\t<\/div>\n\t\t\t\t\t<\/div>\n\t\t<\/div>\n\t\t\t\t\t<\/div>\n\t\t<\/section>\n\t\t\t\t<div class=\"elementor-element elementor-element-33edc7d elementor-align-center elementor-widget elementor-widget-button\" data-id=\"33edc7d\" data-element_type=\"widget\" data-widget_type=\"button.default\">\n\t\t\t\t<div class=\"elementor-widget-container\">\n\t\t\t\t\t\t\t\t\t<div class=\"elementor-button-wrapper\">\n\t\t\t\t\t<a class=\"elementor-button elementor-button-link elementor-size-sm\" href=\"https:\/\/forms.gle\/sTrUeuFAkKcSkfuv6\">\n\t\t\t\t\t\t<span class=\"elementor-button-content-wrapper\">\n\t\t\t\t\t\t\t\t\t<span class=\"elementor-button-text\">Solicitalo ya<\/span>\n\t\t\t\t\t<\/span>\n\t\t\t\t\t<\/a>\n\t\t\t\t<\/div>\n\t\t\t\t\t\t\t\t<\/div>\n\t\t\t\t<\/div>\n\t\t\t\t\t<\/div>\n\t\t<\/div>\n\t\t\t\t\t<\/div>\n\t\t<\/section>\n\t\t\t\t<\/div>\n\t\t","protected":false},"excerpt":{"rendered":"<p>MICROCR\u00c9DITOS Producto de cr\u00e9dito dirigido al sector micro empresarial para financiar capital de trabajo o activos fijos de los peque\u00f1os o medianos negocios, artesanos, agricultores, transportistas. MONTOS DESDE:\u00a0 $200,00 HASTA: $200.000,00 \u00a0 Solicitalo ya MICRO \u00c1GIL Dirigido a socios comerciantes de los mercados para capital de trabajo. MONTOS DESDE:\u00a0 $200,00 Monto hasta\u00a0$3.000,00 No requiere firma [&hellip;]<\/p>\n","protected":false},"author":1,"featured_media":0,"parent":0,"menu_order":0,"comment_status":"closed","ping_status":"closed","template":"","meta":{"_eb_attr":"","iawp_total_views":7080,"footnotes":""},"class_list":["post-529","page","type-page","status-publish","hentry"],"_links":{"self":[{"href":"https:\/\/www.cooprio.fin.ec\/index.php?rest_route=\/wp\/v2\/pages\/529","targetHints":{"allow":["GET"]}}],"collection":[{"href":"https:\/\/www.cooprio.fin.ec\/index.php?rest_route=\/wp\/v2\/pages"}],"about":[{"href":"https:\/\/www.cooprio.fin.ec\/index.php?rest_route=\/wp\/v2\/types\/page"}],"author":[{"embeddable":true,"href":"https:\/\/www.cooprio.fin.ec\/index.php?rest_route=\/wp\/v2\/users\/1"}],"replies":[{"embeddable":true,"href":"https:\/\/www.cooprio.fin.ec\/index.php?rest_route=%2Fwp%2Fv2%2Fcomments&post=529"}],"version-history":[{"count":70,"href":"https:\/\/www.cooprio.fin.ec\/index.php?rest_route=\/wp\/v2\/pages\/529\/revisions"}],"predecessor-version":[{"id":2407,"href":"https:\/\/www.cooprio.fin.ec\/index.php?rest_route=\/wp\/v2\/pages\/529\/revisions\/2407"}],"wp:attachment":[{"href":"https:\/\/www.cooprio.fin.ec\/index.php?rest_route=%2Fwp%2Fv2%2Fmedia&parent=529"}],"curies":[{"name":"wp","href":"https:\/\/api.w.org\/{rel}","templated":true}]}}