{"id":638,"date":"2023-04-26T22:35:22","date_gmt":"2023-04-27T03:35:22","guid":{"rendered":"http:\/\/10.200.10.18\/?page_id=638"},"modified":"2026-04-04T08:48:42","modified_gmt":"2026-04-04T13:48:42","slug":"ahorro_programado","status":"publish","type":"page","link":"https:\/\/www.cooprio.fin.ec\/?page_id=638","title":{"rendered":"ahorro_programado"},"content":{"rendered":"\t\t<div data-elementor-type=\"wp-page\" data-elementor-id=\"638\" class=\"elementor elementor-638\" data-elementor-post-type=\"page\">\n\t\t\t\t\t\t<section class=\"elementor-section elementor-top-section elementor-element elementor-element-c5364fc elementor-section-full_width elementor-hidden-mobile elementor-section-height-default elementor-section-height-default\" data-id=\"c5364fc\" data-element_type=\"section\">\n\t\t\t\t\t\t<div class=\"elementor-container elementor-column-gap-default\">\n\t\t\t\t\t<div class=\"elementor-column elementor-col-100 elementor-top-column elementor-element elementor-element-6cf22f7\" data-id=\"6cf22f7\" data-element_type=\"column\">\n\t\t\t<div class=\"elementor-widget-wrap elementor-element-populated\">\n\t\t\t\t\t\t<div class=\"elementor-element elementor-element-ad59388 elementor-widget elementor-widget-image\" data-id=\"ad59388\" data-element_type=\"widget\" data-widget_type=\"image.default\">\n\t\t\t\t<div class=\"elementor-widget-container\">\n\t\t\t\t\t\t\t\t\t\t\t\t\t\t\t<img fetchpriority=\"high\" decoding=\"async\" width=\"2560\" height=\"1007\" src=\"https:\/\/www.cooprio.fin.ec\/wp-content\/uploads\/2023\/05\/programado-scaled.jpg\" class=\"attachment-full size-full wp-image-1126\" alt=\"\" srcset=\"https:\/\/www.cooprio.fin.ec\/wp-content\/uploads\/2023\/05\/programado-scaled.jpg 2560w, https:\/\/www.cooprio.fin.ec\/wp-content\/uploads\/2023\/05\/programado-300x118.jpg 300w, https:\/\/www.cooprio.fin.ec\/wp-content\/uploads\/2023\/05\/programado-1024x403.jpg 1024w, https:\/\/www.cooprio.fin.ec\/wp-content\/uploads\/2023\/05\/programado-768x302.jpg 768w, https:\/\/www.cooprio.fin.ec\/wp-content\/uploads\/2023\/05\/programado-1536x604.jpg 1536w, https:\/\/www.cooprio.fin.ec\/wp-content\/uploads\/2023\/05\/programado-2048x805.jpg 2048w\" sizes=\"(max-width: 2560px) 100vw, 2560px\" \/>\t\t\t\t\t\t\t\t\t\t\t\t\t\t\t<\/div>\n\t\t\t\t<\/div>\n\t\t\t\t\t<\/div>\n\t\t<\/div>\n\t\t\t\t\t<\/div>\n\t\t<\/section>\n\t\t\t\t<section class=\"elementor-section elementor-top-section elementor-element elementor-element-19ac5ab elementor-section-full_width elementor-section-height-default elementor-section-height-default\" data-id=\"19ac5ab\" data-element_type=\"section\">\n\t\t\t\t\t\t<div class=\"elementor-container elementor-column-gap-default\">\n\t\t\t\t\t<div class=\"elementor-column elementor-col-100 elementor-top-column elementor-element elementor-element-fd31ef1\" data-id=\"fd31ef1\" data-element_type=\"column\">\n\t\t\t<div class=\"elementor-widget-wrap elementor-element-populated\">\n\t\t\t\t\t\t<div class=\"elementor-element elementor-element-9aeb42f elementor-hidden-desktop elementor-hidden-tablet elementor-widget elementor-widget-image\" data-id=\"9aeb42f\" data-element_type=\"widget\" data-widget_type=\"image.default\">\n\t\t\t\t<div class=\"elementor-widget-container\">\n\t\t\t\t\t\t\t\t\t\t\t\t\t\t\t<img decoding=\"async\" width=\"2560\" height=\"2492\" src=\"https:\/\/www.cooprio.fin.ec\/wp-content\/uploads\/2023\/06\/Ahorro-Programado-min-scaled.jpg\" class=\"attachment-full size-full wp-image-1463\" alt=\"\" srcset=\"https:\/\/www.cooprio.fin.ec\/wp-content\/uploads\/2023\/06\/Ahorro-Programado-min-scaled.jpg 2560w, https:\/\/www.cooprio.fin.ec\/wp-content\/uploads\/2023\/06\/Ahorro-Programado-min-300x292.jpg 300w, https:\/\/www.cooprio.fin.ec\/wp-content\/uploads\/2023\/06\/Ahorro-Programado-min-1024x997.jpg 1024w, https:\/\/www.cooprio.fin.ec\/wp-content\/uploads\/2023\/06\/Ahorro-Programado-min-768x748.jpg 768w, https:\/\/www.cooprio.fin.ec\/wp-content\/uploads\/2023\/06\/Ahorro-Programado-min-1536x1495.jpg 1536w, https:\/\/www.cooprio.fin.ec\/wp-content\/uploads\/2023\/06\/Ahorro-Programado-min-2048x1993.jpg 2048w\" sizes=\"(max-width: 2560px) 100vw, 2560px\" \/>\t\t\t\t\t\t\t\t\t\t\t\t\t\t\t<\/div>\n\t\t\t\t<\/div>\n\t\t\t\t\t<\/div>\n\t\t<\/div>\n\t\t\t\t\t<\/div>\n\t\t<\/section>\n\t\t\t\t<section class=\"elementor-section elementor-top-section elementor-element elementor-element-daa99d9 elementor-section-boxed elementor-section-height-default elementor-section-height-default\" data-id=\"daa99d9\" data-element_type=\"section\">\n\t\t\t\t\t\t<div class=\"elementor-container elementor-column-gap-default\">\n\t\t\t\t\t<div class=\"elementor-column elementor-col-100 elementor-top-column elementor-element elementor-element-b266b9d\" data-id=\"b266b9d\" data-element_type=\"column\">\n\t\t\t<div class=\"elementor-widget-wrap elementor-element-populated\">\n\t\t\t\t\t\t<div class=\"elementor-element elementor-element-f7e2da5 elementor-widget elementor-widget-heading\" data-id=\"f7e2da5\" data-element_type=\"widget\" data-widget_type=\"heading.default\">\n\t\t\t\t<div class=\"elementor-widget-container\">\n\t\t\t\t\t<h2 class=\"elementor-heading-title elementor-size-default\">Ahorro Programado<\/h2>\t\t\t\t<\/div>\n\t\t\t\t<\/div>\n\t\t\t\t<div class=\"elementor-element elementor-element-eaa1531 elementor-widget elementor-widget-text-editor\" data-id=\"eaa1531\" data-element_type=\"widget\" data-widget_type=\"text-editor.default\">\n\t\t\t\t<div class=\"elementor-widget-container\">\n\t\t\t\t\t\t\t\t\t<p class=\"western\" lang=\"es-ES\" align=\"justify\">El Ahorro constante y Programado permitir\u00e1 al socio alcanzar sus metas y prop\u00f3sitos a corto o largo plazo.<\/p>\t\t\t\t\t\t\t\t<\/div>\n\t\t\t\t<\/div>\n\t\t\t\t<section class=\"elementor-section elementor-inner-section elementor-element elementor-element-e631006 elementor-section-boxed elementor-section-height-default elementor-section-height-default\" data-id=\"e631006\" data-element_type=\"section\">\n\t\t\t\t\t\t<div class=\"elementor-container elementor-column-gap-default\">\n\t\t\t\t\t<div class=\"elementor-column elementor-col-33 elementor-inner-column elementor-element elementor-element-3567bc3\" data-id=\"3567bc3\" data-element_type=\"column\">\n\t\t\t<div class=\"elementor-widget-wrap elementor-element-populated\">\n\t\t\t\t\t\t<div class=\"elementor-element elementor-element-5f6b68a elementor-widget elementor-widget-image\" data-id=\"5f6b68a\" data-element_type=\"widget\" data-widget_type=\"image.default\">\n\t\t\t\t<div class=\"elementor-widget-container\">\n\t\t\t\t\t\t\t\t\t\t\t\t\t\t\t<img decoding=\"async\" width=\"787\" height=\"980\" src=\"https:\/\/www.cooprio.fin.ec\/wp-content\/uploads\/2023\/04\/3.png\" class=\"attachment-full size-full wp-image-643\" alt=\"\" srcset=\"https:\/\/www.cooprio.fin.ec\/wp-content\/uploads\/2023\/04\/3.png 787w, https:\/\/www.cooprio.fin.ec\/wp-content\/uploads\/2023\/04\/3-241x300.png 241w, https:\/\/www.cooprio.fin.ec\/wp-content\/uploads\/2023\/04\/3-768x956.png 768w\" sizes=\"(max-width: 787px) 100vw, 787px\" \/>\t\t\t\t\t\t\t\t\t\t\t\t\t\t\t<\/div>\n\t\t\t\t<\/div>\n\t\t\t\t\t<\/div>\n\t\t<\/div>\n\t\t\t\t<div class=\"elementor-column elementor-col-33 elementor-inner-column elementor-element elementor-element-335f134\" data-id=\"335f134\" data-element_type=\"column\">\n\t\t\t<div class=\"elementor-widget-wrap elementor-element-populated\">\n\t\t\t\t\t\t<div class=\"elementor-element elementor-element-37fc820 elementor-widget elementor-widget-heading\" data-id=\"37fc820\" data-element_type=\"widget\" data-widget_type=\"heading.default\">\n\t\t\t\t<div class=\"elementor-widget-container\">\n\t\t\t\t\t<h2 class=\"elementor-heading-title elementor-size-default\">Requisitos<\/h2>\t\t\t\t<\/div>\n\t\t\t\t<\/div>\n\t\t\t\t<div class=\"elementor-element elementor-element-ff7280b elementor-widget elementor-widget-text-editor\" data-id=\"ff7280b\" data-element_type=\"widget\" data-widget_type=\"text-editor.default\">\n\t\t\t\t<div class=\"elementor-widget-container\">\n\t\t\t\t\t\t\t\t\t<p>Monto m\u00ednimo de ahorro $10,00<\/p>\t\t\t\t\t\t\t\t<\/div>\n\t\t\t\t<\/div>\n\t\t\t\t\t<\/div>\n\t\t<\/div>\n\t\t\t\t<div class=\"elementor-column elementor-col-33 elementor-inner-column elementor-element elementor-element-15b8863\" data-id=\"15b8863\" data-element_type=\"column\">\n\t\t\t<div class=\"elementor-widget-wrap elementor-element-populated\">\n\t\t\t\t\t\t<div class=\"elementor-element elementor-element-0631528 elementor-widget elementor-widget-heading\" data-id=\"0631528\" data-element_type=\"widget\" data-widget_type=\"heading.default\">\n\t\t\t\t<div class=\"elementor-widget-container\">\n\t\t\t\t\t<h2 class=\"elementor-heading-title elementor-size-default\">Beneficios<\/h2>\t\t\t\t<\/div>\n\t\t\t\t<\/div>\n\t\t\t\t<div class=\"elementor-element elementor-element-524174b elementor-widget elementor-widget-text-editor\" data-id=\"524174b\" data-element_type=\"widget\" data-widget_type=\"text-editor.default\">\n\t\t\t\t<div class=\"elementor-widget-container\">\n\t\t\t\t\t\t\t\t\t<ul><li>Tasa de inter\u00e9s preferencial.<\/li><li>D\u00e9bitos mensuales de tu cuenta de ahorro.<\/li><li>El socio fijar\u00e1 su plazo de acuerdo a la siguiente tabla.<\/li><\/ul>\t\t\t\t\t\t\t\t<\/div>\n\t\t\t\t<\/div>\n\t\t\t\t<div class=\"elementor-element elementor-element-7f43971 elementor-widget elementor-widget-image\" data-id=\"7f43971\" data-element_type=\"widget\" data-widget_type=\"image.default\">\n\t\t\t\t<div class=\"elementor-widget-container\">\n\t\t\t\t\t\t\t\t\t\t\t\t\t\t\t<img loading=\"lazy\" decoding=\"async\" width=\"438\" height=\"194\" src=\"https:\/\/www.cooprio.fin.ec\/wp-content\/uploads\/2026\/03\/programado.png\" class=\"attachment-large size-large wp-image-2915\" alt=\"\" srcset=\"https:\/\/www.cooprio.fin.ec\/wp-content\/uploads\/2026\/03\/programado.png 438w, https:\/\/www.cooprio.fin.ec\/wp-content\/uploads\/2026\/03\/programado-300x133.png 300w\" sizes=\"(max-width: 438px) 100vw, 438px\" \/>\t\t\t\t\t\t\t\t\t\t\t\t\t\t\t<\/div>\n\t\t\t\t<\/div>\n\t\t\t\t\t<\/div>\n\t\t<\/div>\n\t\t\t\t\t<\/div>\n\t\t<\/section>\n\t\t\t\t\t<\/div>\n\t\t<\/div>\n\t\t\t\t\t<\/div>\n\t\t<\/section>\n\t\t\t\t<section class=\"elementor-section elementor-top-section elementor-element elementor-element-412b153 elementor-section-boxed elementor-section-height-default elementor-section-height-default\" data-id=\"412b153\" data-element_type=\"section\">\n\t\t\t\t\t\t<div class=\"elementor-container elementor-column-gap-default\">\n\t\t\t\t\t<div class=\"elementor-column elementor-col-100 elementor-top-column elementor-element elementor-element-85095cb\" data-id=\"85095cb\" data-element_type=\"column\">\n\t\t\t<div class=\"elementor-widget-wrap\">\n\t\t\t\t\t\t\t<\/div>\n\t\t<\/div>\n\t\t\t\t\t<\/div>\n\t\t<\/section>\n\t\t\t\t<\/div>\n\t\t","protected":false},"excerpt":{"rendered":"<p>Ahorro Programado El Ahorro constante y Programado permitir\u00e1 al socio alcanzar sus metas y prop\u00f3sitos a corto o largo plazo. Requisitos Monto m\u00ednimo de ahorro $10,00 Beneficios Tasa de inter\u00e9s preferencial. D\u00e9bitos mensuales de tu cuenta de ahorro. El socio fijar\u00e1 su plazo de acuerdo a la siguiente tabla.<\/p>\n","protected":false},"author":1,"featured_media":0,"parent":0,"menu_order":0,"comment_status":"closed","ping_status":"closed","template":"","meta":{"_eb_attr":"","iawp_total_views":5726,"footnotes":""},"class_list":["post-638","page","type-page","status-publish","hentry"],"_links":{"self":[{"href":"https:\/\/www.cooprio.fin.ec\/index.php?rest_route=\/wp\/v2\/pages\/638","targetHints":{"allow":["GET"]}}],"collection":[{"href":"https:\/\/www.cooprio.fin.ec\/index.php?rest_route=\/wp\/v2\/pages"}],"about":[{"href":"https:\/\/www.cooprio.fin.ec\/index.php?rest_route=\/wp\/v2\/types\/page"}],"author":[{"embeddable":true,"href":"https:\/\/www.cooprio.fin.ec\/index.php?rest_route=\/wp\/v2\/users\/1"}],"replies":[{"embeddable":true,"href":"https:\/\/www.cooprio.fin.ec\/index.php?rest_route=%2Fwp%2Fv2%2Fcomments&post=638"}],"version-history":[{"count":66,"href":"https:\/\/www.cooprio.fin.ec\/index.php?rest_route=\/wp\/v2\/pages\/638\/revisions"}],"predecessor-version":[{"id":3010,"href":"https:\/\/www.cooprio.fin.ec\/index.php?rest_route=\/wp\/v2\/pages\/638\/revisions\/3010"}],"wp:attachment":[{"href":"https:\/\/www.cooprio.fin.ec\/index.php?rest_route=%2Fwp%2Fv2%2Fmedia&parent=638"}],"curies":[{"name":"wp","href":"https:\/\/api.w.org\/{rel}","templated":true}]}}