{"id":679,"date":"2023-04-26T23:09:25","date_gmt":"2023-04-27T04:09:25","guid":{"rendered":"http:\/\/10.200.10.18\/?page_id=679"},"modified":"2023-10-06T22:05:56","modified_gmt":"2023-10-07T03:05:56","slug":"ahorro_plazo_fijo","status":"publish","type":"page","link":"https:\/\/www.cooprio.fin.ec\/?page_id=679","title":{"rendered":"ahorro_plazo_fijo"},"content":{"rendered":"\t\t<div data-elementor-type=\"wp-page\" data-elementor-id=\"679\" class=\"elementor elementor-679\" data-elementor-post-type=\"page\">\n\t\t\t\t\t\t<section class=\"elementor-section elementor-top-section elementor-element elementor-element-c5364fc elementor-section-full_width elementor-hidden-mobile elementor-section-height-default elementor-section-height-default\" data-id=\"c5364fc\" data-element_type=\"section\">\n\t\t\t\t\t\t<div class=\"elementor-container elementor-column-gap-default\">\n\t\t\t\t\t<div class=\"elementor-column elementor-col-100 elementor-top-column elementor-element elementor-element-6cf22f7\" data-id=\"6cf22f7\" data-element_type=\"column\">\n\t\t\t<div class=\"elementor-widget-wrap elementor-element-populated\">\n\t\t\t\t\t\t<div class=\"elementor-element elementor-element-ad59388 elementor-widget elementor-widget-image\" data-id=\"ad59388\" data-element_type=\"widget\" data-widget_type=\"image.default\">\n\t\t\t\t<div class=\"elementor-widget-container\">\n\t\t\t\t\t\t\t\t\t\t\t\t\t\t\t<img fetchpriority=\"high\" decoding=\"async\" width=\"2560\" height=\"1007\" src=\"https:\/\/www.cooprio.fin.ec\/wp-content\/uploads\/2023\/04\/palzo-pc-scaled.jpg\" class=\"attachment-full size-full wp-image-683\" alt=\"\" srcset=\"https:\/\/www.cooprio.fin.ec\/wp-content\/uploads\/2023\/04\/palzo-pc-scaled.jpg 2560w, https:\/\/www.cooprio.fin.ec\/wp-content\/uploads\/2023\/04\/palzo-pc-300x118.jpg 300w, https:\/\/www.cooprio.fin.ec\/wp-content\/uploads\/2023\/04\/palzo-pc-1024x403.jpg 1024w, https:\/\/www.cooprio.fin.ec\/wp-content\/uploads\/2023\/04\/palzo-pc-768x302.jpg 768w, https:\/\/www.cooprio.fin.ec\/wp-content\/uploads\/2023\/04\/palzo-pc-1536x604.jpg 1536w, https:\/\/www.cooprio.fin.ec\/wp-content\/uploads\/2023\/04\/palzo-pc-2048x805.jpg 2048w\" sizes=\"(max-width: 2560px) 100vw, 2560px\" \/>\t\t\t\t\t\t\t\t\t\t\t\t\t\t\t<\/div>\n\t\t\t\t<\/div>\n\t\t\t\t\t<\/div>\n\t\t<\/div>\n\t\t\t\t\t<\/div>\n\t\t<\/section>\n\t\t\t\t<section class=\"elementor-section elementor-top-section elementor-element elementor-element-10569ae elementor-section-full_width elementor-hidden-desktop elementor-hidden-tablet elementor-section-height-default elementor-section-height-default\" data-id=\"10569ae\" data-element_type=\"section\">\n\t\t\t\t\t\t<div class=\"elementor-container elementor-column-gap-default\">\n\t\t\t\t\t<div class=\"elementor-column elementor-col-100 elementor-top-column elementor-element elementor-element-62ade40\" data-id=\"62ade40\" data-element_type=\"column\">\n\t\t\t<div class=\"elementor-widget-wrap elementor-element-populated\">\n\t\t\t\t\t\t<div class=\"elementor-element elementor-element-d67bf34 elementor-widget elementor-widget-image\" data-id=\"d67bf34\" data-element_type=\"widget\" data-widget_type=\"image.default\">\n\t\t\t\t<div class=\"elementor-widget-container\">\n\t\t\t\t\t\t\t\t\t\t\t\t\t\t\t<img decoding=\"async\" width=\"2560\" height=\"2492\" src=\"https:\/\/www.cooprio.fin.ec\/wp-content\/uploads\/2023\/06\/plazo-fijo-min-scaled.jpg\" class=\"attachment-full size-full wp-image-1453\" alt=\"\" srcset=\"https:\/\/www.cooprio.fin.ec\/wp-content\/uploads\/2023\/06\/plazo-fijo-min-scaled.jpg 2560w, https:\/\/www.cooprio.fin.ec\/wp-content\/uploads\/2023\/06\/plazo-fijo-min-300x292.jpg 300w, https:\/\/www.cooprio.fin.ec\/wp-content\/uploads\/2023\/06\/plazo-fijo-min-1024x997.jpg 1024w, https:\/\/www.cooprio.fin.ec\/wp-content\/uploads\/2023\/06\/plazo-fijo-min-768x748.jpg 768w, https:\/\/www.cooprio.fin.ec\/wp-content\/uploads\/2023\/06\/plazo-fijo-min-1536x1495.jpg 1536w, https:\/\/www.cooprio.fin.ec\/wp-content\/uploads\/2023\/06\/plazo-fijo-min-2048x1993.jpg 2048w\" sizes=\"(max-width: 2560px) 100vw, 2560px\" \/>\t\t\t\t\t\t\t\t\t\t\t\t\t\t\t<\/div>\n\t\t\t\t<\/div>\n\t\t\t\t\t<\/div>\n\t\t<\/div>\n\t\t\t\t\t<\/div>\n\t\t<\/section>\n\t\t\t\t<section class=\"elementor-section elementor-top-section elementor-element elementor-element-daa99d9 elementor-section-boxed elementor-section-height-default elementor-section-height-default\" data-id=\"daa99d9\" data-element_type=\"section\">\n\t\t\t\t\t\t<div class=\"elementor-container elementor-column-gap-default\">\n\t\t\t\t\t<div class=\"elementor-column elementor-col-100 elementor-top-column elementor-element elementor-element-b266b9d\" data-id=\"b266b9d\" data-element_type=\"column\">\n\t\t\t<div class=\"elementor-widget-wrap elementor-element-populated\">\n\t\t\t\t\t\t<div class=\"elementor-element elementor-element-f7e2da5 elementor-widget elementor-widget-heading\" data-id=\"f7e2da5\" data-element_type=\"widget\" data-widget_type=\"heading.default\">\n\t\t\t\t<div class=\"elementor-widget-container\">\n\t\t\t\t\t<h2 class=\"elementor-heading-title elementor-size-default\">Dep\u00f3sito a plazo fijo<\/h2>\t\t\t\t<\/div>\n\t\t\t\t<\/div>\n\t\t\t\t<div class=\"elementor-element elementor-element-eaa1531 elementor-widget elementor-widget-text-editor\" data-id=\"eaa1531\" data-element_type=\"widget\" data-widget_type=\"text-editor.default\">\n\t\t\t\t<div class=\"elementor-widget-container\">\n\t\t\t\t\t\t\t\t\t<p class=\"western\" lang=\"es-ES\" align=\"justify\">Cuanto m\u00e1s tiempo inviertas, m\u00e1s r\u00e1pido crecen tus ahorros.<\/p>\t\t\t\t\t\t\t\t<\/div>\n\t\t\t\t<\/div>\n\t\t\t\t<section class=\"elementor-section elementor-inner-section elementor-element elementor-element-e631006 elementor-section-boxed elementor-section-height-default elementor-section-height-default\" data-id=\"e631006\" data-element_type=\"section\">\n\t\t\t\t\t\t<div class=\"elementor-container elementor-column-gap-default\">\n\t\t\t\t\t<div class=\"elementor-column elementor-col-33 elementor-inner-column elementor-element elementor-element-3567bc3\" data-id=\"3567bc3\" data-element_type=\"column\">\n\t\t\t<div class=\"elementor-widget-wrap elementor-element-populated\">\n\t\t\t\t\t\t<div class=\"elementor-element elementor-element-5f6b68a elementor-widget elementor-widget-image\" data-id=\"5f6b68a\" data-element_type=\"widget\" data-widget_type=\"image.default\">\n\t\t\t\t<div class=\"elementor-widget-container\">\n\t\t\t\t\t\t\t\t\t\t\t\t\t\t\t<img decoding=\"async\" width=\"787\" height=\"980\" src=\"https:\/\/www.cooprio.fin.ec\/wp-content\/uploads\/2023\/04\/1.png\" class=\"attachment-full size-full wp-image-634\" alt=\"\" srcset=\"https:\/\/www.cooprio.fin.ec\/wp-content\/uploads\/2023\/04\/1.png 787w, https:\/\/www.cooprio.fin.ec\/wp-content\/uploads\/2023\/04\/1-241x300.png 241w, https:\/\/www.cooprio.fin.ec\/wp-content\/uploads\/2023\/04\/1-768x956.png 768w\" sizes=\"(max-width: 787px) 100vw, 787px\" \/>\t\t\t\t\t\t\t\t\t\t\t\t\t\t\t<\/div>\n\t\t\t\t<\/div>\n\t\t\t\t\t<\/div>\n\t\t<\/div>\n\t\t\t\t<div class=\"elementor-column elementor-col-33 elementor-inner-column elementor-element elementor-element-335f134\" data-id=\"335f134\" data-element_type=\"column\">\n\t\t\t<div class=\"elementor-widget-wrap elementor-element-populated\">\n\t\t\t\t\t\t<div class=\"elementor-element elementor-element-37fc820 elementor-widget elementor-widget-heading\" data-id=\"37fc820\" data-element_type=\"widget\" data-widget_type=\"heading.default\">\n\t\t\t\t<div class=\"elementor-widget-container\">\n\t\t\t\t\t<h2 class=\"elementor-heading-title elementor-size-default\">Requisitos<\/h2>\t\t\t\t<\/div>\n\t\t\t\t<\/div>\n\t\t\t\t<div class=\"elementor-element elementor-element-b5264b6 elementor-widget elementor-widget-text-editor\" data-id=\"b5264b6\" data-element_type=\"widget\" data-widget_type=\"text-editor.default\">\n\t\t\t\t<div class=\"elementor-widget-container\">\n\t\t\t\t\t\t\t\t\t<ul>\n<li class=\"western\" lang=\"es-ES\">Puede ser socio o no de la Cooperativa.<\/li>\n<li class=\"western\" lang=\"es-ES\">Copia de la c\u00e9dula y papeleta de votaci\u00f3n.<\/li>\n<\/ul>\t\t\t\t\t\t\t\t<\/div>\n\t\t\t\t<\/div>\n\t\t\t\t\t<\/div>\n\t\t<\/div>\n\t\t\t\t<div class=\"elementor-column elementor-col-33 elementor-inner-column elementor-element elementor-element-15b8863\" data-id=\"15b8863\" data-element_type=\"column\">\n\t\t\t<div class=\"elementor-widget-wrap elementor-element-populated\">\n\t\t\t\t\t\t<div class=\"elementor-element elementor-element-0631528 elementor-widget elementor-widget-heading\" data-id=\"0631528\" data-element_type=\"widget\" data-widget_type=\"heading.default\">\n\t\t\t\t<div class=\"elementor-widget-container\">\n\t\t\t\t\t<h2 class=\"elementor-heading-title elementor-size-default\">Beneficios<\/h2>\t\t\t\t<\/div>\n\t\t\t\t<\/div>\n\t\t\t\t<div class=\"elementor-element elementor-element-701d1a7 elementor-widget elementor-widget-text-editor\" data-id=\"701d1a7\" data-element_type=\"widget\" data-widget_type=\"text-editor.default\">\n\t\t\t\t<div class=\"elementor-widget-container\">\n\t\t\t\t\t\t\t\t\t<ul><li lang=\"es-ES\">Plazo m\u00ednimo de la inversi\u00f3n: <span style=\"color: #09467c;\">2 meses.<\/span><\/li><li lang=\"es-ES\">Tasa de Inter\u00e9s: se fija de acuerdo al plazo y monto de la inversi\u00f3n.<\/li><li lang=\"es-ES\">Monto m\u00ednimo de inversi\u00f3n $<span style=\"color: #09467c;\"> 200,00<\/span><\/li><li lang=\"es-ES\">Cobro de inter\u00e9s mensual o al vencimiento de acuerdo a su necesidad.<\/li><li lang=\"es-ES\">Acceso a cr\u00e9ditos inmediatos hasta el <span style=\"color: #09467c;\">95%<\/span> de t\u00fa inversi\u00f3n.<\/li><li lang=\"es-ES\">Participaci\u00f3n en rifas y sorteos<\/li><\/ul>\t\t\t\t\t\t\t\t<\/div>\n\t\t\t\t<\/div>\n\t\t\t\t\t<\/div>\n\t\t<\/div>\n\t\t\t\t\t<\/div>\n\t\t<\/section>\n\t\t\t\t\t<\/div>\n\t\t<\/div>\n\t\t\t\t\t<\/div>\n\t\t<\/section>\n\t\t\t\t<\/div>\n\t\t","protected":false},"excerpt":{"rendered":"<p>Dep\u00f3sito a plazo fijo Cuanto m\u00e1s tiempo inviertas, m\u00e1s r\u00e1pido crecen tus ahorros. Requisitos Puede ser socio o no de la Cooperativa. Copia de la c\u00e9dula y papeleta de votaci\u00f3n. Beneficios Plazo m\u00ednimo de la inversi\u00f3n: 2 meses. Tasa de Inter\u00e9s: se fija de acuerdo al plazo y monto de la inversi\u00f3n. Monto m\u00ednimo de [&hellip;]<\/p>\n","protected":false},"author":1,"featured_media":0,"parent":0,"menu_order":0,"comment_status":"closed","ping_status":"closed","template":"","meta":{"_eb_attr":"","iawp_total_views":20088,"footnotes":""},"class_list":["post-679","page","type-page","status-publish","hentry"],"_links":{"self":[{"href":"https:\/\/www.cooprio.fin.ec\/index.php?rest_route=\/wp\/v2\/pages\/679","targetHints":{"allow":["GET"]}}],"collection":[{"href":"https:\/\/www.cooprio.fin.ec\/index.php?rest_route=\/wp\/v2\/pages"}],"about":[{"href":"https:\/\/www.cooprio.fin.ec\/index.php?rest_route=\/wp\/v2\/types\/page"}],"author":[{"embeddable":true,"href":"https:\/\/www.cooprio.fin.ec\/index.php?rest_route=\/wp\/v2\/users\/1"}],"replies":[{"embeddable":true,"href":"https:\/\/www.cooprio.fin.ec\/index.php?rest_route=%2Fwp%2Fv2%2Fcomments&post=679"}],"version-history":[{"count":27,"href":"https:\/\/www.cooprio.fin.ec\/index.php?rest_route=\/wp\/v2\/pages\/679\/revisions"}],"predecessor-version":[{"id":1669,"href":"https:\/\/www.cooprio.fin.ec\/index.php?rest_route=\/wp\/v2\/pages\/679\/revisions\/1669"}],"wp:attachment":[{"href":"https:\/\/www.cooprio.fin.ec\/index.php?rest_route=%2Fwp%2Fv2%2Fmedia&parent=679"}],"curies":[{"name":"wp","href":"https:\/\/api.w.org\/{rel}","templated":true}]}}